{"id":623,"date":"2021-06-01T23:14:32","date_gmt":"2021-06-01T21:14:32","guid":{"rendered":"https:\/\/www.ars-manuum.at\/shop\/?post_type=product&#038;p=623"},"modified":"2024-11-06T10:57:19","modified_gmt":"2024-11-06T09:57:19","slug":"lehrtafel-dorntherapie-lxb-100x70-cm","status":"publish","type":"product","link":"https:\/\/www.ars-manuum.at\/shop\/produkt\/lehrtafel-dorntherapie-lxb-100x70-cm\/","title":{"rendered":"Lehrtafel &#8222;Dorntherapie&#8220;, LxB 100&#215;70 cm"},"content":{"rendered":"<p>Die\u00a0<strong>Lehrtafel<\/strong>\u00a0im Format\u00a0100&#215;70 cm ist\u00a0fertig beleistet mit Aufh\u00e4ngevorrichtung.Anatomen von Rang und Namen, sowie hervorragende wissenschaftliche Zeichner, garantieren die anatomische Genauigkeit und Anschaulichkeit der naturgetreuen Darstellung.<\/p>\n<p>Hochwertige anatomische Lehrtafel aus 200\u00b5 Kunststoff-Folie, Gr\u00f6\u00dfe ca. 70x100cm, inkl. Metallbeleistung oben und unten, oben mit Aufh\u00e4ngekordel.<\/p>\n<p>&nbsp;<\/p>\n<p>&nbsp;<\/p>\n","protected":false},"excerpt":{"rendered":"<p>Die\u00a0Lehrtafel\u00a0im Format\u00a0100&#215;70 cm ist\u00a0fertig beleistet mit Aufh\u00e4ngevorrichtung.Anatomen von Rang und [&hellip;]<\/p>\n","protected":false},"featured_media":624,"comment_status":"open","ping_status":"closed","template":"","meta":[],"product_cat":[45],"product_tag":[],"_links":{"self":[{"href":"https:\/\/www.ars-manuum.at\/shop\/wp-json\/wp\/v2\/product\/623"}],"collection":[{"href":"https:\/\/www.ars-manuum.at\/shop\/wp-json\/wp\/v2\/product"}],"about":[{"href":"https:\/\/www.ars-manuum.at\/shop\/wp-json\/wp\/v2\/types\/product"}],"replies":[{"embeddable":true,"href":"https:\/\/www.ars-manuum.at\/shop\/wp-json\/wp\/v2\/comments?post=623"}],"wp:featuredmedia":[{"embeddable":true,"href":"https:\/\/www.ars-manuum.at\/shop\/wp-json\/wp\/v2\/media\/624"}],"wp:attachment":[{"href":"https:\/\/www.ars-manuum.at\/shop\/wp-json\/wp\/v2\/media?parent=623"}],"wp:term":[{"taxonomy":"product_cat","embeddable":true,"href":"https:\/\/www.ars-manuum.at\/shop\/wp-json\/wp\/v2\/product_cat?post=623"},{"taxonomy":"product_tag","embeddable":true,"href":"https:\/\/www.ars-manuum.at\/shop\/wp-json\/wp\/v2\/product_tag?post=623"}],"curies":[{"name":"wp","href":"https:\/\/api.w.org\/{rel}","templated":true}]}}