{"id":617,"date":"2021-06-01T23:07:38","date_gmt":"2021-06-01T21:07:38","guid":{"rendered":"https:\/\/www.ars-manuum.at\/shop\/?post_type=product&#038;p=617"},"modified":"2024-11-06T10:49:31","modified_gmt":"2024-11-06T09:49:31","slug":"lehrtafel-das-menschliche-skelett-70x100cm","status":"publish","type":"product","link":"https:\/\/www.ars-manuum.at\/shop\/produkt\/lehrtafel-das-menschliche-skelett-70x100cm\/","title":{"rendered":"Lehrtafel &#8222;Das menschliche Skelett&#8220;, 70x100cm"},"content":{"rendered":"<p>Hochwertige anatomische Lehrtafel aus 200\u00b5 Kunststoff-Folie, Gr\u00f6\u00dfe ca. 70x100cm, inkl. Metallbeleistung oben und unten, oben mit Aufh\u00e4ngekordel.<\/p>\n","protected":false},"excerpt":{"rendered":"<p>Hochwertige anatomische Lehrtafel aus 200\u00b5 Kunststoff-Folie, Gr\u00f6\u00dfe ca. 70x100cm, inkl. [&hellip;]<\/p>\n","protected":false},"featured_media":618,"comment_status":"open","ping_status":"closed","template":"","meta":[],"product_cat":[45],"product_tag":[],"_links":{"self":[{"href":"https:\/\/www.ars-manuum.at\/shop\/wp-json\/wp\/v2\/product\/617"}],"collection":[{"href":"https:\/\/www.ars-manuum.at\/shop\/wp-json\/wp\/v2\/product"}],"about":[{"href":"https:\/\/www.ars-manuum.at\/shop\/wp-json\/wp\/v2\/types\/product"}],"replies":[{"embeddable":true,"href":"https:\/\/www.ars-manuum.at\/shop\/wp-json\/wp\/v2\/comments?post=617"}],"wp:featuredmedia":[{"embeddable":true,"href":"https:\/\/www.ars-manuum.at\/shop\/wp-json\/wp\/v2\/media\/618"}],"wp:attachment":[{"href":"https:\/\/www.ars-manuum.at\/shop\/wp-json\/wp\/v2\/media?parent=617"}],"wp:term":[{"taxonomy":"product_cat","embeddable":true,"href":"https:\/\/www.ars-manuum.at\/shop\/wp-json\/wp\/v2\/product_cat?post=617"},{"taxonomy":"product_tag","embeddable":true,"href":"https:\/\/www.ars-manuum.at\/shop\/wp-json\/wp\/v2\/product_tag?post=617"}],"curies":[{"name":"wp","href":"https:\/\/api.w.org\/{rel}","templated":true}]}}