{"id":615,"date":"2021-06-01T23:03:21","date_gmt":"2021-06-01T21:03:21","guid":{"rendered":"https:\/\/www.ars-manuum.at\/shop\/?post_type=product&#038;p=615"},"modified":"2024-11-05T15:29:06","modified_gmt":"2024-11-05T14:29:06","slug":"lehrtafel-menschliches-muskelsystem-lxb-100x70-cm","status":"publish","type":"product","link":"https:\/\/www.ars-manuum.at\/shop\/produkt\/lehrtafel-menschliches-muskelsystem-lxb-100x70-cm\/","title":{"rendered":"Lehrtafel &#8222;Menschliches Muskelsystem&#8220;, LxB 100&#215;70 cm"},"content":{"rendered":"<p>Die\u00a0<strong>Lehrtafel<\/strong>\u00a0im Format\u00a0100&#215;70 cm ist\u00a0fertig beleistet mit Aufh\u00e4ngevorrichtung.Anatomen von Rang und Namen, sowie hervorragende wissenschaftliche Zeichner, garantieren die anatomische Genauigkeit und Anschaulichkeit der naturgetreuen Darstellung.<\/p>\n<p>Jede Lehrtafel zeigt eine gro\u00dfe, anatomische Hauptzeichnung und eine Reihe kleiner Detailzeichnungen (alle mit der entsprechenden Nomenklatur). Die Lehrtafel ist auch laminiert erh\u00e4ltlich. Sie m\u00fcssen dazu nur bei der Farbauswahl Laminierung ausw\u00e4hlen.<\/p>\n<ul>\n<li>Laminierung: Laminierte Lehrtafeln sind praktisch unverw\u00fcstlich und absolut rei\u00dffest, mit einem wasserl\u00f6slichen Filzer zu beschriften (anschlie\u00dfend nur abwischen).<\/li>\n<\/ul>\n<p>Lehrtafel &#8222;Menschliches Muskelsystem&#8220;, LxB 100&#215;70 cm, und alle weiteren Produkte aus der Kategorie &#8222;Lehrtafeln 70&#215;100 cm&#8220; bestellen Sie bequem auf Rechnung oder sicher mit nur wenigen Klicks bei einem unserer Online-Zahlungsdienstleister. Und das Beste: F\u00fcr viele unserer Zahlungsarten gibt es tolle Skonto Nachl\u00e4sse!<\/p>\n","protected":false},"excerpt":{"rendered":"<p>Die\u00a0Lehrtafel\u00a0im Format\u00a0100&#215;70 cm ist\u00a0fertig beleistet mit Aufh\u00e4ngevorrichtung.Anatomen von Rang und [&hellip;]<\/p>\n","protected":false},"featured_media":616,"comment_status":"open","ping_status":"closed","template":"","meta":[],"product_cat":[45],"product_tag":[],"_links":{"self":[{"href":"https:\/\/www.ars-manuum.at\/shop\/wp-json\/wp\/v2\/product\/615"}],"collection":[{"href":"https:\/\/www.ars-manuum.at\/shop\/wp-json\/wp\/v2\/product"}],"about":[{"href":"https:\/\/www.ars-manuum.at\/shop\/wp-json\/wp\/v2\/types\/product"}],"replies":[{"embeddable":true,"href":"https:\/\/www.ars-manuum.at\/shop\/wp-json\/wp\/v2\/comments?post=615"}],"wp:featuredmedia":[{"embeddable":true,"href":"https:\/\/www.ars-manuum.at\/shop\/wp-json\/wp\/v2\/media\/616"}],"wp:attachment":[{"href":"https:\/\/www.ars-manuum.at\/shop\/wp-json\/wp\/v2\/media?parent=615"}],"wp:term":[{"taxonomy":"product_cat","embeddable":true,"href":"https:\/\/www.ars-manuum.at\/shop\/wp-json\/wp\/v2\/product_cat?post=615"},{"taxonomy":"product_tag","embeddable":true,"href":"https:\/\/www.ars-manuum.at\/shop\/wp-json\/wp\/v2\/product_tag?post=615"}],"curies":[{"name":"wp","href":"https:\/\/api.w.org\/{rel}","templated":true}]}}