{"id":613,"date":"2021-06-01T22:57:33","date_gmt":"2021-06-01T20:57:33","guid":{"rendered":"https:\/\/www.ars-manuum.at\/shop\/?post_type=product&#038;p=613"},"modified":"2021-06-09T12:18:26","modified_gmt":"2021-06-09T10:18:26","slug":"andrographis-kapseln-100-stk","status":"publish","type":"product","link":"https:\/\/www.ars-manuum.at\/shop\/produkt\/andrographis-kapseln-100-stk\/","title":{"rendered":"Andrographis Kapseln 100 Stk."},"content":{"rendered":"<p><strong>Nahrungserg\u00e4nzungsmittel mit der asiatischen Pflanze<\/strong><\/p>\n<p>Andrographis paniculata ist eine Pflanze mit enorm hohem Bitterstoffgehalt. Sie ist eine der wichtigsten Heilpflanzen in der TCM, der tibetischen und Thai-Medizin und dem Ayurveda.<\/p>\n<p><strong>Verzehrempfehlung<\/strong><br \/>\n3x t\u00e4glich 1 Kapsel mit Fl\u00fcssigkeit verzehren (oder nach Anweisung)<\/p>\n<p><strong>Packungsinhalt<\/strong><br \/>\n100 Kapseln<\/p>\n<p><strong>Wirkstoffgehalt \/ Tagesdosis (=3 Kapseln)<\/strong><br \/>\n1050mg Andrographis paniculata (Kalmegh, Justicia paniculata)-Kraut-Extrakt 5:1 (mind. 42mg Andrographolide).<\/p>\n<p><strong>Zutaten<br \/>\n<\/strong>Andrographis paniculata-Kraut-Extrakt-Pulver (Andrographis paniculata-Kraut-Extrakt, Tr\u00e4gerstoff Maltodextrin) (74,95%), Hydroxypropylmethylcellulose**, F\u00fcllstoff mikrokristalline Cellulose, mittelkettige Triglyceride aus Pflanzen\u00f6l (Kokosnuss- und Palmkern\u00f6l).<\/p>\n<p>**pflanzliche Kapselh\u00fclle<\/p>\n<p><strong>Hinweis<\/strong><br \/>\nNahrungserg\u00e4nzungsmittel stellen keinen Ersatz f\u00fcr eine ausgewogene Ern\u00e4hrung dar und die empfohlene Tagesdosis sollte nicht \u00fcberschritten werden. Abwechslungsreiche und ausgewogene Ern\u00e4hrung sowie eine gesunde Lebensweise sind von gro\u00dfer Bedeutung. Trocken und nicht \u00fcber Raumtemperatur sowie au\u00dferhalb der Reichweite von Kindern lagern.<\/p>\n","protected":false},"excerpt":{"rendered":"<p>Nahrungserg\u00e4nzungsmittel mit der asiatischen Pflanze Andrographis paniculata ist eine Pflanze [&hellip;]<\/p>\n","protected":false},"featured_media":631,"comment_status":"open","ping_status":"closed","template":"","meta":[],"product_cat":[70],"product_tag":[],"_links":{"self":[{"href":"https:\/\/www.ars-manuum.at\/shop\/wp-json\/wp\/v2\/product\/613"}],"collection":[{"href":"https:\/\/www.ars-manuum.at\/shop\/wp-json\/wp\/v2\/product"}],"about":[{"href":"https:\/\/www.ars-manuum.at\/shop\/wp-json\/wp\/v2\/types\/product"}],"replies":[{"embeddable":true,"href":"https:\/\/www.ars-manuum.at\/shop\/wp-json\/wp\/v2\/comments?post=613"}],"wp:featuredmedia":[{"embeddable":true,"href":"https:\/\/www.ars-manuum.at\/shop\/wp-json\/wp\/v2\/media\/631"}],"wp:attachment":[{"href":"https:\/\/www.ars-manuum.at\/shop\/wp-json\/wp\/v2\/media?parent=613"}],"wp:term":[{"taxonomy":"product_cat","embeddable":true,"href":"https:\/\/www.ars-manuum.at\/shop\/wp-json\/wp\/v2\/product_cat?post=613"},{"taxonomy":"product_tag","embeddable":true,"href":"https:\/\/www.ars-manuum.at\/shop\/wp-json\/wp\/v2\/product_tag?post=613"}],"curies":[{"name":"wp","href":"https:\/\/api.w.org\/{rel}","templated":true}]}}