{"id":596,"date":"2021-04-14T08:25:12","date_gmt":"2021-04-14T06:25:12","guid":{"rendered":"https:\/\/www.ars-manuum.at\/shop\/?post_type=product&#038;p=596"},"modified":"2023-08-01T13:36:55","modified_gmt":"2023-08-01T11:36:55","slug":"ionenbuerste-ohne-stiel","status":"publish","type":"product","link":"https:\/\/www.ars-manuum.at\/shop\/produkt\/ionenbuerste-ohne-stiel\/","title":{"rendered":"Ionenb\u00fcrste ohne Stiel"},"content":{"rendered":"<p><strong>Trockenb\u00fcrstung mit der EnergieB\u00fcrste &#8211; vitalisierend und entspannend<\/strong><\/p>\n<ul>\n<li>Naturborsten<\/li>\n<li>feine Bronzeborsten f\u00fcr ein prickelndes Hautgef\u00fchl<\/li>\n<li>der \u00bbMuntermacher\u00ab unter den Massageb\u00fcrsten<\/li>\n<li>Griff aus einheimischem Buchenholz (Massivholz)<\/li>\n<li>schwarzes Klettband zur Anpassung an jede Handgr\u00f6\u00dfe<\/li>\n<\/ul>\n<p>Die Anwendung der P. Jentschura EnergieB\u00fcrste ist der H\u00f6hepunkt jeder Trockenb\u00fcrstung. Mit ihren feinen Bronzeborsten aus einer Legierung von Kupfer und Zinn f\u00fchrt diese spezielle B\u00fcrste zu einem besonders wohltuenden und angenehmen Kribbeln auf der Haut, das uns gerade am Morgen fit und munter werden l\u00e4sst. Bereits mit wenigen B\u00fcrstenstrichen t\u00e4glich tr\u00e4gt die besondere Borstenqualit\u00e4t zu k\u00f6rperlichem und seelischem Wohlbefinden bei und wirkt vitalisierend, entspannend und durchblutungsf\u00f6rdernd.<\/p>\n","protected":false},"excerpt":{"rendered":"<p>Trockenb\u00fcrstung mit der EnergieB\u00fcrste &#8211; vitalisierend und entspannend Naturborsten feine [&hellip;]<\/p>\n","protected":false},"featured_media":640,"comment_status":"open","ping_status":"closed","template":"","meta":[],"product_cat":[48],"product_tag":[],"_links":{"self":[{"href":"https:\/\/www.ars-manuum.at\/shop\/wp-json\/wp\/v2\/product\/596"}],"collection":[{"href":"https:\/\/www.ars-manuum.at\/shop\/wp-json\/wp\/v2\/product"}],"about":[{"href":"https:\/\/www.ars-manuum.at\/shop\/wp-json\/wp\/v2\/types\/product"}],"replies":[{"embeddable":true,"href":"https:\/\/www.ars-manuum.at\/shop\/wp-json\/wp\/v2\/comments?post=596"}],"wp:featuredmedia":[{"embeddable":true,"href":"https:\/\/www.ars-manuum.at\/shop\/wp-json\/wp\/v2\/media\/640"}],"wp:attachment":[{"href":"https:\/\/www.ars-manuum.at\/shop\/wp-json\/wp\/v2\/media?parent=596"}],"wp:term":[{"taxonomy":"product_cat","embeddable":true,"href":"https:\/\/www.ars-manuum.at\/shop\/wp-json\/wp\/v2\/product_cat?post=596"},{"taxonomy":"product_tag","embeddable":true,"href":"https:\/\/www.ars-manuum.at\/shop\/wp-json\/wp\/v2\/product_tag?post=596"}],"curies":[{"name":"wp","href":"https:\/\/api.w.org\/{rel}","templated":true}]}}