{"id":591,"date":"2021-04-14T08:16:54","date_gmt":"2021-04-14T06:16:54","guid":{"rendered":"https:\/\/www.ars-manuum.at\/shop\/?post_type=product&#038;p=591"},"modified":"2023-06-22T13:17:43","modified_gmt":"2023-06-22T11:17:43","slug":"energetikcreme-sensitive-intense-50ml","status":"publish","type":"product","link":"https:\/\/www.ars-manuum.at\/shop\/produkt\/energetikcreme-sensitive-intense-50ml\/","title":{"rendered":"ENERGETIKCREME SENSITIVE INTENSE 50ml"},"content":{"rendered":"<h1>HAUTTYPEN<\/h1>\n<p>F\u00fcr trockene Haut und sensible Haut.<\/p>\n<p>Durch die speziell ausgew\u00e4hlten, hochwirksamen Inhaltsstoffe und den Verzicht auf allergene Substanzen kann bei regelm\u00e4\u00dfiger Anwendung, speziell bei empfindlicher, irritierter und allergischer Haut, eine hervorragende regenerierende und beruhigende Wirkung beobachtet werden.<\/p>\n","protected":false},"excerpt":{"rendered":"<p>HAUTTYPEN F\u00fcr trockene Haut und sensible Haut. Durch die speziell [&hellip;]<\/p>\n","protected":false},"featured_media":592,"comment_status":"open","ping_status":"closed","template":"","meta":[],"product_cat":[49,46],"product_tag":[],"_links":{"self":[{"href":"https:\/\/www.ars-manuum.at\/shop\/wp-json\/wp\/v2\/product\/591"}],"collection":[{"href":"https:\/\/www.ars-manuum.at\/shop\/wp-json\/wp\/v2\/product"}],"about":[{"href":"https:\/\/www.ars-manuum.at\/shop\/wp-json\/wp\/v2\/types\/product"}],"replies":[{"embeddable":true,"href":"https:\/\/www.ars-manuum.at\/shop\/wp-json\/wp\/v2\/comments?post=591"}],"wp:featuredmedia":[{"embeddable":true,"href":"https:\/\/www.ars-manuum.at\/shop\/wp-json\/wp\/v2\/media\/592"}],"wp:attachment":[{"href":"https:\/\/www.ars-manuum.at\/shop\/wp-json\/wp\/v2\/media?parent=591"}],"wp:term":[{"taxonomy":"product_cat","embeddable":true,"href":"https:\/\/www.ars-manuum.at\/shop\/wp-json\/wp\/v2\/product_cat?post=591"},{"taxonomy":"product_tag","embeddable":true,"href":"https:\/\/www.ars-manuum.at\/shop\/wp-json\/wp\/v2\/product_tag?post=591"}],"curies":[{"name":"wp","href":"https:\/\/api.w.org\/{rel}","templated":true}]}}