{"id":589,"date":"2021-04-14T08:15:16","date_gmt":"2021-04-14T06:15:16","guid":{"rendered":"https:\/\/www.ars-manuum.at\/shop\/?post_type=product&#038;p=589"},"modified":"2023-10-13T10:03:38","modified_gmt":"2023-10-13T08:03:38","slug":"energetikcreme-sport-relax-100ml","status":"publish","type":"product","link":"https:\/\/www.ars-manuum.at\/shop\/produkt\/energetikcreme-sport-relax-100ml\/","title":{"rendered":"ENERGETIKCREME SPORT &#038; RELAX 100ml"},"content":{"rendered":"<p>F\u00fcr jeden Hauttyp &#8211; vor und nach dem Sport, au\u00dferdem bei Venenbeschwerden.<\/p>\n<p>Nach sportlicher Bet\u00e4tigung sowie Erm\u00fcdungserscheinungen wirkt Venobis Energetikcreme Sport&amp;Relax erfrischend und regenerierend, da die Lockerung und Durchblutung der Muskulatur gef\u00f6rdert wird. Au\u00dferdem wirken sich die pflegenden Pflanzensubstanzen positiv auf eine verh\u00e4rtete Hornhaut und den als Folge oft schmerzhaften Hornhautrissen aus<\/p>\n","protected":false},"excerpt":{"rendered":"<p>F\u00fcr jeden Hauttyp &#8211; vor und nach dem Sport, au\u00dferdem [&hellip;]<\/p>\n","protected":false},"featured_media":590,"comment_status":"open","ping_status":"closed","template":"","meta":[],"product_cat":[49,46],"product_tag":[],"_links":{"self":[{"href":"https:\/\/www.ars-manuum.at\/shop\/wp-json\/wp\/v2\/product\/589"}],"collection":[{"href":"https:\/\/www.ars-manuum.at\/shop\/wp-json\/wp\/v2\/product"}],"about":[{"href":"https:\/\/www.ars-manuum.at\/shop\/wp-json\/wp\/v2\/types\/product"}],"replies":[{"embeddable":true,"href":"https:\/\/www.ars-manuum.at\/shop\/wp-json\/wp\/v2\/comments?post=589"}],"wp:featuredmedia":[{"embeddable":true,"href":"https:\/\/www.ars-manuum.at\/shop\/wp-json\/wp\/v2\/media\/590"}],"wp:attachment":[{"href":"https:\/\/www.ars-manuum.at\/shop\/wp-json\/wp\/v2\/media?parent=589"}],"wp:term":[{"taxonomy":"product_cat","embeddable":true,"href":"https:\/\/www.ars-manuum.at\/shop\/wp-json\/wp\/v2\/product_cat?post=589"},{"taxonomy":"product_tag","embeddable":true,"href":"https:\/\/www.ars-manuum.at\/shop\/wp-json\/wp\/v2\/product_tag?post=589"}],"curies":[{"name":"wp","href":"https:\/\/api.w.org\/{rel}","templated":true}]}}