{"id":388,"date":"2020-01-30T23:15:22","date_gmt":"2020-01-30T22:15:22","guid":{"rendered":"https:\/\/www.ars-manuum.at\/shop\/?post_type=product&#038;p=388"},"modified":"2023-10-13T09:57:34","modified_gmt":"2023-10-13T07:57:34","slug":"venobis-madre-selva-aloe-vera","status":"publish","type":"product","link":"https:\/\/www.ars-manuum.at\/shop\/produkt\/venobis-madre-selva-aloe-vera\/","title":{"rendered":"Venobis Madre Selva Aloe Vera"},"content":{"rendered":"<h3>Venobis Madre Selva Aloe Vera Super Gel &amp; Aloe Vera Liquid<\/h3>\n<div>Gesicht und K\u00f6rper<\/div>\n<div><\/div>\n<div>\n<h3>Hauttypen:<\/h3>\n<p>F\u00fcr jeden Hauttyp.<\/p>\n<p>Aus dem Mark der Aloe Vera Bl\u00e4tter wird das wertvolle Gel gewonnen, das unter anderem in der Kosmetik und der Medizin zum Einsatz kommt.<\/p>\n<p>Die zahlreichen wertvollen Inhaltsstoffe wie Vitamine, sekund\u00e4re Pflanzenstoffe, Aminos\u00e4uren und Mineralstoffe tragen zu einer ausgewogenen Versorgung der Haut bei und erm\u00f6glichen eine schnelle Zellerneuerung. Gesch\u00e4digte Zellen der Haut k\u00f6nnen somit repariert werden.<\/p>\n<p>Die feuchtigkeitsspendenden Eigenschaften des Aloe Vera Gels sorgen f\u00fcr ein schnelles und tiefes Eindringen in die Haut. Die Durchblutung der Haut wird angeregt und die Sauerstoffversorgung der Haut verbessert. Auch der Alterungsprozess der Haut l\u00e4sst sich so bei regelm\u00e4\u00dfiger Anwendung von Aloe Vera Kosmetik und Pflegeprodukten hinausz\u00f6gern.<\/p>\n<h3>Repair-Tip:<\/h3>\n<p>Bei s\u00e4mtlichen Formen von gesch\u00e4digter Haut wie Sonnenbrand, Akne, Wunden, allergischen Reaktionen und Hautpilzen dient Aloe Vera als Erste Hilfe Hausmittel.<\/p>\n<h3>Inhaltsstoffe:<\/h3>\n<p>Aloe Vera Super Gel und Aloe Vera Liquid: 99,8% Aloe Vera naturrein<\/p>\n<h3>Lieferformen:<\/h3>\n<p>Aloe Vera Liquid (fl\u00fcssig) und Aloe Vera Super Gel (gelartige Konsistenz &#8211; 99.8% Aloe Vera naturrein).<\/p>\n<\/div>\n","protected":false},"excerpt":{"rendered":"<p>Venobis Madre Selva Aloe Vera Super Gel &amp; Aloe Vera [&hellip;]<\/p>\n","protected":false},"featured_media":554,"comment_status":"open","ping_status":"closed","template":"","meta":[],"product_cat":[49,72,46],"product_tag":[],"_links":{"self":[{"href":"https:\/\/www.ars-manuum.at\/shop\/wp-json\/wp\/v2\/product\/388"}],"collection":[{"href":"https:\/\/www.ars-manuum.at\/shop\/wp-json\/wp\/v2\/product"}],"about":[{"href":"https:\/\/www.ars-manuum.at\/shop\/wp-json\/wp\/v2\/types\/product"}],"replies":[{"embeddable":true,"href":"https:\/\/www.ars-manuum.at\/shop\/wp-json\/wp\/v2\/comments?post=388"}],"wp:featuredmedia":[{"embeddable":true,"href":"https:\/\/www.ars-manuum.at\/shop\/wp-json\/wp\/v2\/media\/554"}],"wp:attachment":[{"href":"https:\/\/www.ars-manuum.at\/shop\/wp-json\/wp\/v2\/media?parent=388"}],"wp:term":[{"taxonomy":"product_cat","embeddable":true,"href":"https:\/\/www.ars-manuum.at\/shop\/wp-json\/wp\/v2\/product_cat?post=388"},{"taxonomy":"product_tag","embeddable":true,"href":"https:\/\/www.ars-manuum.at\/shop\/wp-json\/wp\/v2\/product_tag?post=388"}],"curies":[{"name":"wp","href":"https:\/\/api.w.org\/{rel}","templated":true}]}}