{"id":386,"date":"2020-01-30T23:12:32","date_gmt":"2020-01-30T22:12:32","guid":{"rendered":"https:\/\/www.ars-manuum.at\/shop\/?post_type=product&#038;p=386"},"modified":"2023-10-13T10:07:58","modified_gmt":"2023-10-13T08:07:58","slug":"venobis-madre-selva-tonic","status":"publish","type":"product","link":"https:\/\/www.ars-manuum.at\/shop\/produkt\/venobis-madre-selva-tonic\/","title":{"rendered":"Venobis Madre Selva Tonic"},"content":{"rendered":"<h3>Hauttypen:<\/h3>\n<p>F\u00fcr jeden Hauttyp.<\/p>\n<p>Venobis Madre Selva Tonic eignet sich zum Reinigen, Tonisieren und Erfrischen der Haut. Durch die beruhigende, jedoch intensive Reinigung wird die Haut auf die weitere Pflege optimal vorbereitet.<\/p>\n<h3>Fresh Up-Tipp:<\/h3>\n<p>Ideal auch als erfrischende Gesichtskompresse. Wattepats mit Venobis Madre Selva Tonic befeuchten und auf das Gesicht legen. Die Haut wird intensiv mit Feuchtigkeit versorgt, Irritationen verschwinden und es wirkt angenehm k\u00fchlend!<\/p>\n<h3>Inhaltsstoffe:<\/h3>\n<p>Aloe Vera, Goldmelisse, Taubnesselwasser, Rosenwasser und Hamameliswasser.<\/p>\n<h3>Taubnessel:<\/h3>\n<p>Mit Umschl\u00e4gen der abgekochten Pflanze k\u00f6nnen Hautschwellungen behandelt werden. Eine entz\u00fcndungshemmende Wirkung ist bewiesen worden.<\/p>\n<h3>Goldmelisse:<\/h3>\n<p>Goldmelissenbl\u00fcten enthalten kleine Mengen an \u00e4therischen \u00d6len und Gerbstoffen. Auf der Haut wirken diese regulierend und beruhigend, fr\u00fcher wurde Goldmelissenextrakt zur Behandlung von Ekzemen verwendet.<\/p>\n","protected":false},"excerpt":{"rendered":"<p>Hauttypen: F\u00fcr jeden Hauttyp. Venobis Madre Selva Tonic eignet sich [&hellip;]<\/p>\n","protected":false},"featured_media":555,"comment_status":"open","ping_status":"closed","template":"","meta":[],"product_cat":[49,72,46],"product_tag":[],"_links":{"self":[{"href":"https:\/\/www.ars-manuum.at\/shop\/wp-json\/wp\/v2\/product\/386"}],"collection":[{"href":"https:\/\/www.ars-manuum.at\/shop\/wp-json\/wp\/v2\/product"}],"about":[{"href":"https:\/\/www.ars-manuum.at\/shop\/wp-json\/wp\/v2\/types\/product"}],"replies":[{"embeddable":true,"href":"https:\/\/www.ars-manuum.at\/shop\/wp-json\/wp\/v2\/comments?post=386"}],"wp:featuredmedia":[{"embeddable":true,"href":"https:\/\/www.ars-manuum.at\/shop\/wp-json\/wp\/v2\/media\/555"}],"wp:attachment":[{"href":"https:\/\/www.ars-manuum.at\/shop\/wp-json\/wp\/v2\/media?parent=386"}],"wp:term":[{"taxonomy":"product_cat","embeddable":true,"href":"https:\/\/www.ars-manuum.at\/shop\/wp-json\/wp\/v2\/product_cat?post=386"},{"taxonomy":"product_tag","embeddable":true,"href":"https:\/\/www.ars-manuum.at\/shop\/wp-json\/wp\/v2\/product_tag?post=386"}],"curies":[{"name":"wp","href":"https:\/\/api.w.org\/{rel}","templated":true}]}}