{"id":381,"date":"2020-01-30T23:07:57","date_gmt":"2020-01-30T22:07:57","guid":{"rendered":"https:\/\/www.ars-manuum.at\/shop\/?post_type=product&#038;p=381"},"modified":"2023-10-13T12:46:26","modified_gmt":"2023-10-13T10:46:26","slug":"venobis-madre-selva-hydro-balance","status":"publish","type":"product","link":"https:\/\/www.ars-manuum.at\/shop\/produkt\/venobis-madre-selva-hydro-balance\/","title":{"rendered":"Venobis Madre Selva Hydro Balance"},"content":{"rendered":"<h3>Hauttypen:<\/h3>\n<p>F\u00fcr feuchtigkeitsarme Haut und jugendliche Mischhaut.<\/p>\n<p>Die Venobis Madre Selva Hydro Balance ist eine leichte Feuchtigkeitspflege, die die Haut durch hoch wirksame Substanzen intensiv mit Feuchtigkeit versorgt, sie sp\u00fcrbar frischer macht und Trockenheitsf\u00e4ltchen vorbeugt bzw. vermindert, ohne zu fetten.<\/p>\n<h3>Hydro Balance-Tip:<\/h3>\n<p>Wichtig ist es, den K\u00f6rper mit gen\u00fcgend Wasser zu versorgen, d.h. viel zu trinken. Da \u00fcber die Haut Feuchtigkeit verdunstet, ist es erforderlich, die Feuchtigkeitsdepots der Haut wieder aufzuf\u00fcllen.<\/p>\n<h3>Inhaltsstoffe:<\/h3>\n<p>Sanddorn\u00f6l, Aloe Vera, Lavendel\u00f6l, Ylang Ylang, Rosenholz\u00f6l.<\/p>\n<h3>Sanddorn\u00f6l:<\/h3>\n<p>Sanddorn\u00f6l ist aufgrund des hohen Vitamin A Gehalts, sowie B-Vitaminen und Flavonoiden stark feuchtigkeitsspendend und daher zur t\u00e4glichen Pflege f\u00fcr die feuchtigkeitsarme Haut hervorragend geeignet.<\/p>\n","protected":false},"excerpt":{"rendered":"<p>Hauttypen: F\u00fcr feuchtigkeitsarme Haut und jugendliche Mischhaut. Die Venobis Madre [&hellip;]<\/p>\n","protected":false},"featured_media":556,"comment_status":"open","ping_status":"closed","template":"","meta":[],"product_cat":[49,72,46],"product_tag":[],"_links":{"self":[{"href":"https:\/\/www.ars-manuum.at\/shop\/wp-json\/wp\/v2\/product\/381"}],"collection":[{"href":"https:\/\/www.ars-manuum.at\/shop\/wp-json\/wp\/v2\/product"}],"about":[{"href":"https:\/\/www.ars-manuum.at\/shop\/wp-json\/wp\/v2\/types\/product"}],"replies":[{"embeddable":true,"href":"https:\/\/www.ars-manuum.at\/shop\/wp-json\/wp\/v2\/comments?post=381"}],"wp:featuredmedia":[{"embeddable":true,"href":"https:\/\/www.ars-manuum.at\/shop\/wp-json\/wp\/v2\/media\/556"}],"wp:attachment":[{"href":"https:\/\/www.ars-manuum.at\/shop\/wp-json\/wp\/v2\/media?parent=381"}],"wp:term":[{"taxonomy":"product_cat","embeddable":true,"href":"https:\/\/www.ars-manuum.at\/shop\/wp-json\/wp\/v2\/product_cat?post=381"},{"taxonomy":"product_tag","embeddable":true,"href":"https:\/\/www.ars-manuum.at\/shop\/wp-json\/wp\/v2\/product_tag?post=381"}],"curies":[{"name":"wp","href":"https:\/\/api.w.org\/{rel}","templated":true}]}}