{"id":375,"date":"2020-01-30T23:01:24","date_gmt":"2020-01-30T22:01:24","guid":{"rendered":"https:\/\/www.ars-manuum.at\/shop\/?post_type=product&#038;p=375"},"modified":"2023-10-25T11:28:59","modified_gmt":"2023-10-25T09:28:59","slug":"venobis-madre-selva-eye","status":"publish","type":"product","link":"https:\/\/www.ars-manuum.at\/shop\/produkt\/venobis-madre-selva-eye\/","title":{"rendered":"Venobis Madre Selva Eye"},"content":{"rendered":"<h3>Hauttypen:<\/h3>\n<p>F\u00fcr jeden Hauttyp.<\/p>\n<p>Venobis Madre Selva Eye Care versorgt die anspruchsvolle und zarte Haut rund um die Augen optimal und bietet Schutz vor Umwelteinfl\u00fcssen.<\/p>\n<p>Spezielle Inhaltsstoffe regen die Mikrozirkulation an, wirken abschwellend und erfrischend. Kleine Falten und Linien werden gegl\u00e4ttet, dunkle Augenringe und Tr\u00e4nens\u00e4cke vermindert. Sie sehen wach und gepflegt aus.<\/p>\n<p>Unsere Augen sind ein wichtiges Kommunikationsmittel. Signale die wir mit den Augen aussenden, werden von der Umwelt interpretiert. Wie unser Blick selbst, sendet auch unsere Augenzone Informationen \u00fcber Befindlichkeit, k\u00f6rperliche Konstitution und Alter. Augenringe und Tr\u00e4nens\u00e4cke deuten auf Schlafmangel, ungesunden Lebensstil oder einen schlechten Gesundheitszustand hin.<\/p>\n<h3>Eye Care-Tip:<\/h3>\n<p>Klopfen Sie die zarte Haut unter den Augen mit der Creme behutsam von innen nach au\u00dfen ein, um den Lymphfluss anzuregen. F\u00fcr einen k\u00fchlenden Effekt stellen Sie die Creme kurz vor der Anwendung in den Gefrierschrank.<\/p>\n<h3>Inhaltsstoffe:<\/h3>\n<p>Aloe Vera, Ringelblume, Schachtelhalm, Efeu, Sanddorn, Argan\u00f6l.<\/p>\n","protected":false},"excerpt":{"rendered":"<p>Hauttypen: F\u00fcr jeden Hauttyp. Venobis Madre Selva Eye Care versorgt [&hellip;]<\/p>\n","protected":false},"featured_media":560,"comment_status":"open","ping_status":"closed","template":"","meta":[],"product_cat":[49,72,46],"product_tag":[],"_links":{"self":[{"href":"https:\/\/www.ars-manuum.at\/shop\/wp-json\/wp\/v2\/product\/375"}],"collection":[{"href":"https:\/\/www.ars-manuum.at\/shop\/wp-json\/wp\/v2\/product"}],"about":[{"href":"https:\/\/www.ars-manuum.at\/shop\/wp-json\/wp\/v2\/types\/product"}],"replies":[{"embeddable":true,"href":"https:\/\/www.ars-manuum.at\/shop\/wp-json\/wp\/v2\/comments?post=375"}],"wp:featuredmedia":[{"embeddable":true,"href":"https:\/\/www.ars-manuum.at\/shop\/wp-json\/wp\/v2\/media\/560"}],"wp:attachment":[{"href":"https:\/\/www.ars-manuum.at\/shop\/wp-json\/wp\/v2\/media?parent=375"}],"wp:term":[{"taxonomy":"product_cat","embeddable":true,"href":"https:\/\/www.ars-manuum.at\/shop\/wp-json\/wp\/v2\/product_cat?post=375"},{"taxonomy":"product_tag","embeddable":true,"href":"https:\/\/www.ars-manuum.at\/shop\/wp-json\/wp\/v2\/product_tag?post=375"}],"curies":[{"name":"wp","href":"https:\/\/api.w.org\/{rel}","templated":true}]}}