{"id":372,"date":"2020-01-30T22:44:34","date_gmt":"2020-01-30T21:44:34","guid":{"rendered":"https:\/\/www.ars-manuum.at\/shop\/?post_type=product&#038;p=372"},"modified":"2023-10-25T11:31:57","modified_gmt":"2023-10-25T09:31:57","slug":"venobis-madre-selva-anti-aging","status":"publish","type":"product","link":"https:\/\/www.ars-manuum.at\/shop\/produkt\/venobis-madre-selva-anti-aging\/","title":{"rendered":"Venobis Madre Selva Anti Aging"},"content":{"rendered":"<h3>Hauttypen:<\/h3>\n<p>F\u00fcr trockene, reife und strapazierte Haut.<\/p>\n<p>Das Geheimnis von Venobis Madre Selva Anti Aging ist die hohe Konzentration an mehrfach unges\u00e4ttigten Fetts\u00e4uren, zellregenerierendem Vitamin A und der hohe Grad an Antioxidantien wie Vitamin E Verbindungen. Somit erf\u00fcllt diese Creme alle W\u00fcnsche reifer Haut: Vor dem Angriff freier Radikaler sch\u00fctzen, hauteigene Abwehrkr\u00e4fte aktivieren, den Feuchtigkeitshaushalt regulieren und erm\u00fcdete Zellaktivit\u00e4t wieder anregen.<\/p>\n<h3>Anti Aging-Tip:<\/h3>\n<p>Bei sehr trockener Haut &#8211; wie z.B. im Winter aufgrund trockener Heizungsluft &#8211; mischen Sie die Creme mit dem Anti Aging \u00d6l und stellen Sie so Ihre gew\u00fcnschte Konsistenz zusammen.<\/p>\n<h3>Inhaltsstoffe:<\/h3>\n<p>Argan-, Nachtkerzen, Aloe, Sandelholz-, Zeder-, Neroli-, Rosen-, Jasmin-, Myrrhe- und Ysop\u00f6l.<\/p>\n<h3>Argan\u00f6l:<\/h3>\n<p>Lindert Neurodermitis und Psoriasis, verlangsamt die Alterung der Haut und wirkt zellverj\u00fcngend.<\/p>\n<h3>Nachtkerzen\u00f6l:<\/h3>\n<p>Das \u00d6l aus den Samen der Nachtkerze ist reich an unges\u00e4ttigten Fetts\u00e4uren, wobei der Gehalt an Gamma-Linolens\u00e4ure bis zu 22 % ausmachen kann. Die Symptome des Atopischen Ekzems (Neurodermitis), wie Juckreiz, Schuppung oder R\u00f6tung k\u00f6nnen durch das Auftragen auf die Haut gebessert werden.<\/p>\n","protected":false},"excerpt":{"rendered":"<p>Hauttypen: F\u00fcr trockene, reife und strapazierte Haut. Das Geheimnis von [&hellip;]<\/p>\n","protected":false},"featured_media":557,"comment_status":"open","ping_status":"closed","template":"","meta":[],"product_cat":[49,72,46],"product_tag":[],"_links":{"self":[{"href":"https:\/\/www.ars-manuum.at\/shop\/wp-json\/wp\/v2\/product\/372"}],"collection":[{"href":"https:\/\/www.ars-manuum.at\/shop\/wp-json\/wp\/v2\/product"}],"about":[{"href":"https:\/\/www.ars-manuum.at\/shop\/wp-json\/wp\/v2\/types\/product"}],"replies":[{"embeddable":true,"href":"https:\/\/www.ars-manuum.at\/shop\/wp-json\/wp\/v2\/comments?post=372"}],"wp:featuredmedia":[{"embeddable":true,"href":"https:\/\/www.ars-manuum.at\/shop\/wp-json\/wp\/v2\/media\/557"}],"wp:attachment":[{"href":"https:\/\/www.ars-manuum.at\/shop\/wp-json\/wp\/v2\/media?parent=372"}],"wp:term":[{"taxonomy":"product_cat","embeddable":true,"href":"https:\/\/www.ars-manuum.at\/shop\/wp-json\/wp\/v2\/product_cat?post=372"},{"taxonomy":"product_tag","embeddable":true,"href":"https:\/\/www.ars-manuum.at\/shop\/wp-json\/wp\/v2\/product_tag?post=372"}],"curies":[{"name":"wp","href":"https:\/\/api.w.org\/{rel}","templated":true}]}}