{"id":370,"date":"2020-01-30T22:41:28","date_gmt":"2020-01-30T21:41:28","guid":{"rendered":"https:\/\/www.ars-manuum.at\/shop\/?post_type=product&#038;p=370"},"modified":"2023-10-25T11:36:38","modified_gmt":"2023-10-25T09:36:38","slug":"venobis-madre-selva-intense","status":"publish","type":"product","link":"https:\/\/www.ars-manuum.at\/shop\/produkt\/venobis-madre-selva-intense\/","title":{"rendered":"Venobis Madre Selva Intense"},"content":{"rendered":"<h3>Hauttypen:<\/h3>\n<p>F\u00fcr trockene Haut.<\/p>\n<p>Dank ihrer milden und sch\u00fctzenden Eigenschaften kann Venobis Madre Selva Intense als Tages- und Nachtcreme verwendet werden.<\/p>\n<p>Sie versorgt die Haut mit Feuchtigkeit und reichhaltiger Pflege, ein erfrischendes und entspannendes Hautgef\u00fchl ist die Folge. Au\u00dferdem sch\u00fctzt sie die Haut vor \u00e4u\u00dferen Einwirkungen wie Sonne, Wind und Luftverunreinigungen.<\/p>\n<h3>Winter-Tip:<\/h3>\n<p>Bei sehr kalter Witterung cremen Sie sich ca. 15 Minuten vor dem Verlassen Ihrer Wohnung ein. Dadurch verfl\u00fcchtigt sich das in allen Cremen enthaltene Wasser auf Ihrer Haut und zus\u00e4tzliche Sch\u00e4digungen der Epidermis werden vermieden.<\/p>\n<h3>Inhaltsstoffe<\/h3>\n<p>Oliven\u00f6l, Aloe Vera, Jojoba\u00f6l, Melisse, Lemongrass und Sanddorn\u00f6l.<\/p>\n<h3>Oliven\u00f6l<\/h3>\n<p>Oliven\u00f6l stellt in der Kosmetik eine Kostbarkeit dar. Bereits in der Antike wurde dieses hochwertige \u00d6l als Massage\u00f6l und f\u00fcr die Ganzk\u00f6rperpflege angewandt. Die besonders gute Vertr\u00e4glichkeit liegt in der g\u00fcnstigen Fetts\u00e4urezusammensetzung begr\u00fcndet, die der des k\u00f6rpereigenen Unterfettgewebes sehr nahe kommt. Die Haut wird reichhaltig gepflegt, jedoch nicht mit Fettanteilen \u00fcberladen. Nat\u00fcrliches Antioxidant beg\u00fcnstigt eine kontinuierliche Zellerneuerung, wodurch ein klareres Hautbild und damit frischeres Aussehen erreicht wird. Gleichzeitig verlangsamt sich die nat\u00fcrliche Hautalterung.<\/p>\n","protected":false},"excerpt":{"rendered":"<p>Hauttypen: F\u00fcr trockene Haut. Dank ihrer milden und sch\u00fctzenden Eigenschaften [&hellip;]<\/p>\n","protected":false},"featured_media":561,"comment_status":"open","ping_status":"closed","template":"","meta":[],"product_cat":[49,72,46],"product_tag":[],"_links":{"self":[{"href":"https:\/\/www.ars-manuum.at\/shop\/wp-json\/wp\/v2\/product\/370"}],"collection":[{"href":"https:\/\/www.ars-manuum.at\/shop\/wp-json\/wp\/v2\/product"}],"about":[{"href":"https:\/\/www.ars-manuum.at\/shop\/wp-json\/wp\/v2\/types\/product"}],"replies":[{"embeddable":true,"href":"https:\/\/www.ars-manuum.at\/shop\/wp-json\/wp\/v2\/comments?post=370"}],"wp:featuredmedia":[{"embeddable":true,"href":"https:\/\/www.ars-manuum.at\/shop\/wp-json\/wp\/v2\/media\/561"}],"wp:attachment":[{"href":"https:\/\/www.ars-manuum.at\/shop\/wp-json\/wp\/v2\/media?parent=370"}],"wp:term":[{"taxonomy":"product_cat","embeddable":true,"href":"https:\/\/www.ars-manuum.at\/shop\/wp-json\/wp\/v2\/product_cat?post=370"},{"taxonomy":"product_tag","embeddable":true,"href":"https:\/\/www.ars-manuum.at\/shop\/wp-json\/wp\/v2\/product_tag?post=370"}],"curies":[{"name":"wp","href":"https:\/\/api.w.org\/{rel}","templated":true}]}}