{"id":366,"date":"2020-01-30T22:35:31","date_gmt":"2020-01-30T21:35:31","guid":{"rendered":"https:\/\/www.ars-manuum.at\/shop\/?post_type=product&#038;p=366"},"modified":"2023-10-25T11:48:02","modified_gmt":"2023-10-25T09:48:02","slug":"venobis-energetik-handcreme","status":"publish","type":"product","link":"https:\/\/www.ars-manuum.at\/shop\/produkt\/venobis-energetik-handcreme\/","title":{"rendered":"Venobis Energetik Handcreme"},"content":{"rendered":"<h3>Hauttypen:<\/h3>\n<p>F\u00fcr jeden Hauttyp.<\/p>\n<p>Ab dem 25. Lebensjahr sollte aufgrund des nat\u00fcrlichen Alterungsprozesses t\u00e4glich eine Handcreme verwendet werden &#8211; denn sch\u00f6ne und gepflegte H\u00e4nde sind Ihre Visitenkarte.<\/p>\n<p>Durch die vielen Einfl\u00fcsse (trockene Luft, K\u00e4lte, Sonnenbestrahlung, Kontakt mit aggressiven Stoffen wie Sp\u00fclmitteln oder austrocknenden Seifen, usw.) werden unsere H\u00e4nde Tag f\u00fcr Tag stark beansprucht. Daher ist die richtige Pflege unverzichtbar. Die Venobis Handcreme ist feuchtigkeitsspendend, hinterl\u00e4sst auf der Haut einen Schutzfilm und braucht daher nur 1 \u2013 2 mal am Tag sparsam benutzt werden.<\/p>\n<h3>Handcare-Tip:<\/h3>\n<p>Die Creme ist hervorragend f\u00fcr eine Handmaske geeignet, die bei besonders trockener, rauer und rissiger Haut empfehlenswert ist. Dazu tragen Sie die Creme etwas dicker auf und lassen sie dann ca. 20 Minuten als Packung \u00fcber Nacht einwirken. Anschlie\u00dfend empfehlen wir eine sanfte Handmassage.<\/p>\n<h3>Inhaltsstoffe:<\/h3>\n<p>Shea Butter, Jojoba\u00f6l, Aloe Vera Gel, Ringelblume.<\/p>\n<h3>Shea Butter<\/h3>\n<p>Was Shea Butter besonders auszeichnet, ist der hohe Anteil an so genannten &#8222;unverseifbaren Bestandteilen&#8220;. Dadurch wirkt sie regenerierend, heilend, f\u00f6rdert die F\u00e4higkeit der Haut, Wasser zu binden und reguliert Verhornungsst\u00f6rungen. Sheabutter enth\u00e4lt von Natur aus die Vitamine A und E, au\u00dferdem Allantoin, dass die Wundheilung bei kleineren Hautverletzungen unterst\u00fctzt.<\/p>\n","protected":false},"excerpt":{"rendered":"<p>Hauttypen: F\u00fcr jeden Hauttyp. Ab dem 25. Lebensjahr sollte aufgrund [&hellip;]<\/p>\n","protected":false},"featured_media":563,"comment_status":"open","ping_status":"closed","template":"","meta":[],"product_cat":[49,46,71],"product_tag":[],"_links":{"self":[{"href":"https:\/\/www.ars-manuum.at\/shop\/wp-json\/wp\/v2\/product\/366"}],"collection":[{"href":"https:\/\/www.ars-manuum.at\/shop\/wp-json\/wp\/v2\/product"}],"about":[{"href":"https:\/\/www.ars-manuum.at\/shop\/wp-json\/wp\/v2\/types\/product"}],"replies":[{"embeddable":true,"href":"https:\/\/www.ars-manuum.at\/shop\/wp-json\/wp\/v2\/comments?post=366"}],"wp:featuredmedia":[{"embeddable":true,"href":"https:\/\/www.ars-manuum.at\/shop\/wp-json\/wp\/v2\/media\/563"}],"wp:attachment":[{"href":"https:\/\/www.ars-manuum.at\/shop\/wp-json\/wp\/v2\/media?parent=366"}],"wp:term":[{"taxonomy":"product_cat","embeddable":true,"href":"https:\/\/www.ars-manuum.at\/shop\/wp-json\/wp\/v2\/product_cat?post=366"},{"taxonomy":"product_tag","embeddable":true,"href":"https:\/\/www.ars-manuum.at\/shop\/wp-json\/wp\/v2\/product_tag?post=366"}],"curies":[{"name":"wp","href":"https:\/\/api.w.org\/{rel}","templated":true}]}}