{"id":361,"date":"2020-01-30T22:31:46","date_gmt":"2020-01-30T21:31:46","guid":{"rendered":"https:\/\/www.ars-manuum.at\/shop\/?post_type=product&#038;p=361"},"modified":"2024-11-06T11:30:58","modified_gmt":"2024-11-06T10:30:58","slug":"venobis-energetikcreme-physio","status":"publish","type":"product","link":"https:\/\/www.ars-manuum.at\/shop\/produkt\/venobis-energetikcreme-physio\/","title":{"rendered":"Venobis Energetikcreme Physio"},"content":{"rendered":"<h3>Hauttypen:<\/h3>\n<p>F\u00fcr jeden Hauttyp.<\/p>\n<p>Der Begriff &#8222;Physio&#8220; erkl\u00e4rt den speziellen Anwendungsbereich dieser Energetikcreme. Dieses Produkt wird dort empfohlen, wo es um die Unterst\u00fctzung der Regeneration der Bewegungs\u00ad und Funktionsf\u00e4higkeit des menschlichen K\u00f6rpers geht.<\/p>\n<h3>Physio-Tip:<\/h3>\n<p>Die Venobis Energetikcreme Physio ist speziell als Kalt- und Warmpackung oder f\u00fcr Massagen bei Gelenks-, Sehnen- und B\u00e4nderbeschwerden geeignet.<\/p>\n<h3>Inhaltsstoffe:<\/h3>\n<p>Vulkanisches Gesteinsmehl mit hohen Anteilen von Kiesels\u00e4re(47,86%), Aluminium(4,06%), Calcium(2,28%), Eisen(7,66%) und Magnesium(28,56%), Zeolith und 36 besondere Kr\u00e4uter\u00f6le, &#8222;Jesche\u00b4s Kr\u00e4uterbitter&#8220;.<\/p>\n<h3>Mineralmehl aus dem Fichtelgebirge<\/h3>\n<p>Durch den hohen Anteil an Magnesium unterst\u00fctzt dieses besondere Gesteinsmehl den K\u00f6rper bei seiner Regeneration und wirkt entkrampfend und lockernd auf die Muskulatur.<\/p>\n","protected":false},"excerpt":{"rendered":"<p>Hauttypen: F\u00fcr jeden Hauttyp. Der Begriff &#8222;Physio&#8220; erkl\u00e4rt den speziellen [&hellip;]<\/p>\n","protected":false},"featured_media":564,"comment_status":"open","ping_status":"closed","template":"","meta":[],"product_cat":[49,46,71],"product_tag":[],"_links":{"self":[{"href":"https:\/\/www.ars-manuum.at\/shop\/wp-json\/wp\/v2\/product\/361"}],"collection":[{"href":"https:\/\/www.ars-manuum.at\/shop\/wp-json\/wp\/v2\/product"}],"about":[{"href":"https:\/\/www.ars-manuum.at\/shop\/wp-json\/wp\/v2\/types\/product"}],"replies":[{"embeddable":true,"href":"https:\/\/www.ars-manuum.at\/shop\/wp-json\/wp\/v2\/comments?post=361"}],"wp:featuredmedia":[{"embeddable":true,"href":"https:\/\/www.ars-manuum.at\/shop\/wp-json\/wp\/v2\/media\/564"}],"wp:attachment":[{"href":"https:\/\/www.ars-manuum.at\/shop\/wp-json\/wp\/v2\/media?parent=361"}],"wp:term":[{"taxonomy":"product_cat","embeddable":true,"href":"https:\/\/www.ars-manuum.at\/shop\/wp-json\/wp\/v2\/product_cat?post=361"},{"taxonomy":"product_tag","embeddable":true,"href":"https:\/\/www.ars-manuum.at\/shop\/wp-json\/wp\/v2\/product_tag?post=361"}],"curies":[{"name":"wp","href":"https:\/\/api.w.org\/{rel}","templated":true}]}}