{"id":342,"date":"2020-01-30T22:12:51","date_gmt":"2020-01-30T21:12:51","guid":{"rendered":"https:\/\/www.ars-manuum.at\/shop\/?post_type=product&#038;p=342"},"modified":"2021-04-13T16:38:20","modified_gmt":"2021-04-13T14:38:20","slug":"venobis-energetikcreme-body-fit","status":"publish","type":"product","link":"https:\/\/www.ars-manuum.at\/shop\/produkt\/venobis-energetikcreme-body-fit\/","title":{"rendered":"Venobis Energetikcreme Body Fit"},"content":{"rendered":"<h3>Hauttypen:<\/h3>\n<p>F\u00fcr schlecht durchblutetes Gewebe.<\/p>\n<p>Unangenehme Hautver\u00e4nderungen wie Cellulite, Dehnungs- und Schwangerschaftsstreifen, sowie ein schlecht durchblutetes Gewebe k\u00f6nnen mit diesem besonderen Pr\u00e4parat wirkungsvoll behandelt werden. Die leicht adstringierende Wirkung f\u00fchrt zus\u00e4tzlich zu einer sichtbaren Verbesserung des Hautgewebes.<\/p>\n<h3>Fit-Tip:<\/h3>\n<p>Gef\u00f6rdert wird die Wirksamkeit zus\u00e4tzlich durch regelm\u00e4\u00dfige Bewegung, Trinken von mindestens 2-3 Liter Kr\u00e4utertee oder Wasser pro Tag und eine gesunde Ern\u00e4hrung. F\u00fcr einen besonders intensiven Effekt empfiehlt es sich, die Creme im Lymphverlauf leicht einzumassieren.<\/p>\n<h3>Inhaltsstoffe:<\/h3>\n<p>Efeuextrakt, Schachtelhalm, Lemongrass, Grapefruit- und Zitronen\u00f6l.<\/p>\n<h3>Efeu<\/h3>\n<p>Naturheilkundler kennen schon lange die heilende Wirkung dieser Pflanze. Seit durch aktuelle Forschungsanstrengungen der Wirkmechanismus entschl\u00fcsselt werden konnte, finden Zubereitungen aus Efeubl\u00e4ttern wegen ihrer adstringierenden, reinigenden, straffenden und st\u00e4rkenden Eigenschaften sehr wirkungsvoll Anwendung in der Kosmetikbranche.<\/p>\n","protected":false},"excerpt":{"rendered":"<p>Hauttypen: F\u00fcr schlecht durchblutetes Gewebe. Unangenehme Hautver\u00e4nderungen wie Cellulite, Dehnungs- [&hellip;]<\/p>\n","protected":false},"featured_media":565,"comment_status":"open","ping_status":"closed","template":"","meta":[],"product_cat":[49,46,71],"product_tag":[],"_links":{"self":[{"href":"https:\/\/www.ars-manuum.at\/shop\/wp-json\/wp\/v2\/product\/342"}],"collection":[{"href":"https:\/\/www.ars-manuum.at\/shop\/wp-json\/wp\/v2\/product"}],"about":[{"href":"https:\/\/www.ars-manuum.at\/shop\/wp-json\/wp\/v2\/types\/product"}],"replies":[{"embeddable":true,"href":"https:\/\/www.ars-manuum.at\/shop\/wp-json\/wp\/v2\/comments?post=342"}],"wp:featuredmedia":[{"embeddable":true,"href":"https:\/\/www.ars-manuum.at\/shop\/wp-json\/wp\/v2\/media\/565"}],"wp:attachment":[{"href":"https:\/\/www.ars-manuum.at\/shop\/wp-json\/wp\/v2\/media?parent=342"}],"wp:term":[{"taxonomy":"product_cat","embeddable":true,"href":"https:\/\/www.ars-manuum.at\/shop\/wp-json\/wp\/v2\/product_cat?post=342"},{"taxonomy":"product_tag","embeddable":true,"href":"https:\/\/www.ars-manuum.at\/shop\/wp-json\/wp\/v2\/product_tag?post=342"}],"curies":[{"name":"wp","href":"https:\/\/api.w.org\/{rel}","templated":true}]}}