{"id":333,"date":"2020-01-30T21:58:41","date_gmt":"2020-01-30T20:58:41","guid":{"rendered":"https:\/\/www.ars-manuum.at\/shop\/?post_type=product&#038;p=333"},"modified":"2023-10-25T11:41:58","modified_gmt":"2023-10-25T09:41:58","slug":"venobis-nasenreflexoel","status":"publish","type":"product","link":"https:\/\/www.ars-manuum.at\/shop\/produkt\/venobis-nasenreflexoel\/","title":{"rendered":"Venobis Nasenreflex\u00f6l"},"content":{"rendered":"<p>Durch die Reizung der Nasenschleimhaut wird ein Niesreflex ausgel\u00f6st, der in vielerlei Hinsicht eine reinigende und befreiende Wirkung aus\u00fcbt.<br \/>\nDie nach Paracelsus nachempfundene Rezeptur aus wertvollen, kaltgepressten Jojoba\u00f6l in Verbindung mit Johanniskraut\u00f6l und Arnika\u00f6l sowie \u00e4therischen Euklayptus-, Melissen-, Salbei-, Rosmarin- und Minz\u00f6len kann bei der nasalen Reflexzonentherapie und bei Verk\u00fchlungen eingesetzt werden.<\/p>\n<p>Ideal ist eine Nachbehandlung mit dem Venobis Nasenbalsam.<\/p>\n<p>Liefereinheit: 20ml Glasflasche mit Pipette<\/p>\n","protected":false},"excerpt":{"rendered":"<p>Durch die Reizung der Nasenschleimhaut wird ein Niesreflex ausgel\u00f6st, der [&hellip;]<\/p>\n","protected":false},"featured_media":567,"comment_status":"open","ping_status":"closed","template":"","meta":[],"product_cat":[50,46],"product_tag":[],"_links":{"self":[{"href":"https:\/\/www.ars-manuum.at\/shop\/wp-json\/wp\/v2\/product\/333"}],"collection":[{"href":"https:\/\/www.ars-manuum.at\/shop\/wp-json\/wp\/v2\/product"}],"about":[{"href":"https:\/\/www.ars-manuum.at\/shop\/wp-json\/wp\/v2\/types\/product"}],"replies":[{"embeddable":true,"href":"https:\/\/www.ars-manuum.at\/shop\/wp-json\/wp\/v2\/comments?post=333"}],"wp:featuredmedia":[{"embeddable":true,"href":"https:\/\/www.ars-manuum.at\/shop\/wp-json\/wp\/v2\/media\/567"}],"wp:attachment":[{"href":"https:\/\/www.ars-manuum.at\/shop\/wp-json\/wp\/v2\/media?parent=333"}],"wp:term":[{"taxonomy":"product_cat","embeddable":true,"href":"https:\/\/www.ars-manuum.at\/shop\/wp-json\/wp\/v2\/product_cat?post=333"},{"taxonomy":"product_tag","embeddable":true,"href":"https:\/\/www.ars-manuum.at\/shop\/wp-json\/wp\/v2\/product_tag?post=333"}],"curies":[{"name":"wp","href":"https:\/\/api.w.org\/{rel}","templated":true}]}}