{"id":332,"date":"2020-01-30T21:54:25","date_gmt":"2020-01-30T20:54:25","guid":{"rendered":"https:\/\/www.ars-manuum.at\/shop\/?post_type=product&#038;p=332"},"modified":"2023-11-08T11:47:26","modified_gmt":"2023-11-08T10:47:26","slug":"venobis-natural-oil-200ml","status":"publish","type":"product","link":"https:\/\/www.ars-manuum.at\/shop\/produkt\/venobis-natural-oil-200ml\/","title":{"rendered":"Venobis Natural Oil 200ml"},"content":{"rendered":"<h3>Hauttypen:<\/h3>\n<p>F\u00fcr jeden Hauttyp.<\/p>\n<p>Das Venobis Massage\u00f6l Natural ist eine spezielle Komposition von ausgesuchten, kaltgepressten \u00d6len. Eine besondere Mischung aus reinen Pflanzen- und Nuss\u00f6len, welche keine synthetischen Bestandteile, Parfums und mineralische \u00d6le zul\u00e4sst. Es wird von der Haut sehr gut aufgenommen und wirkt langanhaltend.<\/p>\n<p>Nuss\u00f6le sind aufgrund der konzentrierten positiven Energie der jeweiligen Pflanze oder des Baumes von besonders hohem Wert.<\/p>\n<p>Hervorzuheben ist der hohe Anteil an kaltgepresstem Jojoba \u00d6l in Kombination mit Erdnuss\u00f6l, Sonnenblumen\u00f6l, Distel\u00f6l, Oliven\u00f6l und Mandel\u00f6l.<\/p>\n<h3>Tipp:<\/h3>\n<p>Stellen Sie Ihre eigene Komposition mit rein \u00e4therischen \u00d6len zusammen \u2013 mit Venobis Massageoil Natural als Basis\u00f6l!<\/p>\n","protected":false},"excerpt":{"rendered":"<p>Hauttypen: F\u00fcr jeden Hauttyp. Das Venobis Massage\u00f6l Natural ist eine [&hellip;]<\/p>\n","protected":false},"featured_media":568,"comment_status":"open","ping_status":"closed","template":"","meta":[],"product_cat":[50,46],"product_tag":[],"_links":{"self":[{"href":"https:\/\/www.ars-manuum.at\/shop\/wp-json\/wp\/v2\/product\/332"}],"collection":[{"href":"https:\/\/www.ars-manuum.at\/shop\/wp-json\/wp\/v2\/product"}],"about":[{"href":"https:\/\/www.ars-manuum.at\/shop\/wp-json\/wp\/v2\/types\/product"}],"replies":[{"embeddable":true,"href":"https:\/\/www.ars-manuum.at\/shop\/wp-json\/wp\/v2\/comments?post=332"}],"wp:featuredmedia":[{"embeddable":true,"href":"https:\/\/www.ars-manuum.at\/shop\/wp-json\/wp\/v2\/media\/568"}],"wp:attachment":[{"href":"https:\/\/www.ars-manuum.at\/shop\/wp-json\/wp\/v2\/media?parent=332"}],"wp:term":[{"taxonomy":"product_cat","embeddable":true,"href":"https:\/\/www.ars-manuum.at\/shop\/wp-json\/wp\/v2\/product_cat?post=332"},{"taxonomy":"product_tag","embeddable":true,"href":"https:\/\/www.ars-manuum.at\/shop\/wp-json\/wp\/v2\/product_tag?post=332"}],"curies":[{"name":"wp","href":"https:\/\/api.w.org\/{rel}","templated":true}]}}