{"id":325,"date":"2020-01-30T11:28:55","date_gmt":"2020-01-30T10:28:55","guid":{"rendered":"https:\/\/www.ars-manuum.at\/shop\/?post_type=product&#038;p=325"},"modified":"2026-04-10T13:02:48","modified_gmt":"2026-04-10T11:02:48","slug":"scenar-professional","status":"publish","type":"product","link":"https:\/\/www.ars-manuum.at\/shop\/produkt\/scenar-professional\/","title":{"rendered":"SCENAR professional (nur Ger\u00e4t)"},"content":{"rendered":"<section class=\"av_textblock_section\">\n<div class=\"avia_textblock \">\n<p>stellt die ideale L\u00f6sung f\u00fcr professionelle Anwender dar. Das Ger\u00e4t bietet eine gro\u00dfe Auswahl an verschiedenen Einstellungen. Es kann so auf verschiedenste Symptome gezielt eingegangen werden. Ihre Patienten werden den speziellen Zugang wertsch\u00e4tzen.<\/p>\n<p>Unser Verkaufspreis: 3.300 \u20ac inkl. MwSt. (ohne Koffer, Buch und Elektroden)<\/p>\n<p>Dies inkludiert den Besuch eines Basis-Seminars gratis!<\/p>\n<\/div>\n<\/section>\n","protected":false},"excerpt":{"rendered":"<p>Lorem ipsum dolor sit amet, consetetur sadipscing elitr, sed diam nonumy eirmod tempor invidunt ut labore et dolore magna aliquyam<\/p>\n","protected":false},"featured_media":598,"comment_status":"open","ping_status":"closed","template":"","meta":[],"product_cat":[15],"product_tag":[],"_links":{"self":[{"href":"https:\/\/www.ars-manuum.at\/shop\/wp-json\/wp\/v2\/product\/325"}],"collection":[{"href":"https:\/\/www.ars-manuum.at\/shop\/wp-json\/wp\/v2\/product"}],"about":[{"href":"https:\/\/www.ars-manuum.at\/shop\/wp-json\/wp\/v2\/types\/product"}],"replies":[{"embeddable":true,"href":"https:\/\/www.ars-manuum.at\/shop\/wp-json\/wp\/v2\/comments?post=325"}],"wp:featuredmedia":[{"embeddable":true,"href":"https:\/\/www.ars-manuum.at\/shop\/wp-json\/wp\/v2\/media\/598"}],"wp:attachment":[{"href":"https:\/\/www.ars-manuum.at\/shop\/wp-json\/wp\/v2\/media?parent=325"}],"wp:term":[{"taxonomy":"product_cat","embeddable":true,"href":"https:\/\/www.ars-manuum.at\/shop\/wp-json\/wp\/v2\/product_cat?post=325"},{"taxonomy":"product_tag","embeddable":true,"href":"https:\/\/www.ars-manuum.at\/shop\/wp-json\/wp\/v2\/product_tag?post=325"}],"curies":[{"name":"wp","href":"https:\/\/api.w.org\/{rel}","templated":true}]}}