{"id":323,"date":"2020-01-30T11:19:50","date_gmt":"2020-01-30T10:19:50","guid":{"rendered":"https:\/\/www.ars-manuum.at\/shop\/?post_type=product&#038;p=323"},"modified":"2022-11-22T10:27:37","modified_gmt":"2022-11-22T09:27:37","slug":"massageliege","status":"publish","type":"product","link":"https:\/\/www.ars-manuum.at\/shop\/produkt\/massageliege\/","title":{"rendered":"Massageliege"},"content":{"rendered":"<p>Zubeh\u00f6r im Set enthalten:<br \/>\n* ALU variable H\u00f6hen und Neigungsverstellung der Kopfst\u00fctze<br \/>\n* Armschlinge f\u00fcr ein erm\u00fcdungsfreies und entspanntes Liegen<br \/>\n* Reikioption; siehe auch die dazu passenden Hocker!<br \/>\n* Luxus Tragetasche mit gro\u00dfer Seitentasche f\u00fcr Zubeh\u00f6r<\/p>\n<p>Garantie:<br \/>\n* 2 Jahre gesetzliche Gew\u00e4hrleistung<br \/>\n* 3 Jahre!!! Garantie auf Gestell und Rahmen<\/p>\n<p>Daten:<br \/>\n* 184 x 71 cm Arbeitsfl\u00e4che mit Kopfst\u00fctze 205 cm<br \/>\n* Bezug : PU (Polyurethan) Kunstleder haut\u00e4hnliches Material ; \u00f6l- und wasserfest<br \/>\n* Posterung: 10 cm ; 3 Schichten feinporiger Schaustoff<br \/>\n* Extrem hohe Belastbarkeit durch Stahlseile zur Sicherung:<br \/>\n* Belastbarkeit : 220 kg<br \/>\n* H\u00f6henverstellung: Durch 2 Kn\u00f6pfe sehr stabil- von 60 &#8211; 85 cm<br \/>\n* 17.8 kg Gewicht (mit Tragtasche &amp; Zubeh\u00f6r)<br \/>\n* 20.67 kg Packgewicht (im Karton verpackt)<\/p>\n<p>Anwendungen:<br \/>\n* Alle Arten von Massagen<br \/>\n* Craniosacral-Therapie<br \/>\n* Reiki<br \/>\n* Energiearbeit<br \/>\n* Shiatsu<\/p>\n<p>Die Stahlseile sind an einer Seite mit Fl\u00fcgelmuttern befestigt . Daher k\u00f6nnen diese, ohne Werkzeug gel\u00f6st werden, und der Tisch kann mit eingeklappten Beinen auf den Boden gelegt werden. Dadurch ist auch das Praktizieren von Shiatsu mit viel Komfort f\u00fcr den Klienten m\u00f6glich !<\/p>\n","protected":false},"excerpt":{"rendered":"<table id=\"product-attribute-specs-table\" class=\"data table additional-attributes\">\n<tbody>\n<tr>\n<th class=\"col label\" scope=\"row\">SKU<\/th>\n<td class=\"col data\" data-th=\"SKU\">ART0005<\/td>\n<\/tr>\n<tr>\n<th class=\"col label\" scope=\"row\">Gewicht in kg:<\/th>\n<td class=\"col data\" data-th=\"Gewicht in kg:\">17.8000<\/td>\n<\/tr>\n<tr>\n<th class=\"col label\" scope=\"row\">Artikelnummer<\/th>\n<td class=\"col data\" data-th=\"Artikelnummer\">ART0005<\/td>\n<\/tr>\n<tr>\n<th class=\"col label\" scope=\"row\">Gewicht inkl. Verpackung in kg:<\/th>\n<td class=\"col data\" data-th=\"Gewicht inkl. Verpackung in kg:\">20.67<\/td>\n<\/tr>\n<tr>\n<th class=\"col label\" scope=\"row\">N\u00e4chster Lieferung in KW:<\/th>\n<td class=\"col data\" data-th=\"N\u00e4chster Lieferung in KW:\">N<\/td>\n<\/tr>\n<tr>\n<th class=\"col label\" scope=\"row\">Armablage als:<\/th>\n<td class=\"col data\" data-th=\"Armablage als:\">Armschlinge<\/td>\n<\/tr>\n<tr>\n<th class=\"col label\" scope=\"row\">Gesichtsloch<\/th>\n<td class=\"col data\" data-th=\"Gesichtsloch\">Nein<\/td>\n<\/tr>\n<tr>\n<th class=\"col label\" scope=\"row\">Kopfst\u00fctze<\/th>\n<td class=\"col data\" data-th=\"Kopfst\u00fctze\">ALU variable H\u00f6hen und Neigungsverstellung<\/td>\n<\/tr>\n<tr>\n<th class=\"col label\" scope=\"row\">Leder<\/th>\n<td class=\"col data\" data-th=\"Leder\">PU (Polyurethan<\/td>\n<\/tr>\n<tr>\n<th class=\"col label\" scope=\"row\">H\u00f6he der Polsterung in cm:<\/th>\n<td class=\"col data\" data-th=\"H\u00f6he der Polsterung in cm:\">10<\/td>\n<\/tr>\n<tr>\n<th class=\"col label\" scope=\"row\">L\u00e4nge der Arbeitsfl\u00e4che in cm:<\/th>\n<td class=\"col data\" data-th=\"L\u00e4nge der Arbeitsfl\u00e4che in cm:\">184<\/td>\n<\/tr>\n<tr>\n<th class=\"col label\" scope=\"row\">Breite der Arbeitsfl\u00e4che in cm:<\/th>\n<td class=\"col data\" data-th=\"Breite der Arbeitsfl\u00e4che in cm:\">71<\/td>\n<\/tr>\n<tr>\n<th class=\"col label\" scope=\"row\">Minimale H\u00f6he der Arbeitsfl\u00e4che in cm:<\/th>\n<td class=\"col data\" data-th=\"Minimale H\u00f6he der Arbeitsfl\u00e4che in cm:\">60<\/td>\n<\/tr>\n<tr>\n<th class=\"col label\" scope=\"row\">Lederfarbe:<\/th>\n<td class=\"col data\" data-th=\"Lederfarbe:\">Smaragd Gr\u00fcn<\/td>\n<\/tr>\n<tr>\n<th class=\"col label\" scope=\"row\">Maximale H\u00f6he der Arbeitsfl\u00e4che in cm:<\/th>\n<td class=\"col data\" data-th=\"Maximale H\u00f6he der Arbeitsfl\u00e4che in cm:\">85<\/td>\n<\/tr>\n<tr>\n<th class=\"col label\" scope=\"row\">Armverbreiterung<\/th>\n<td class=\"col data\" data-th=\"Armverbreiterung\">Nein<\/td>\n<\/tr>\n<tr>\n<th class=\"col label\" scope=\"row\">Reiki-Panel<\/th>\n<td class=\"col data\" data-th=\"Reiki-Panel\">Ja<\/td>\n<\/tr>\n<tr>\n<th class=\"col label\" scope=\"row\">Tragetasche<\/th>\n<td class=\"col data\" data-th=\"Tragetasche\">Ja<\/td>\n<\/tr>\n<tr>\n<th class=\"col label\" scope=\"row\">Material<\/th>\n<td class=\"col data\" data-th=\"Material\">Holz<\/td>\n<\/tr>\n<tr>\n<th class=\"col label\" scope=\"row\">R\u00fcckenlehne<\/th>\n<td class=\"col data\" data-th=\"R\u00fcckenlehne\">Nein<\/td>\n<\/tr>\n<tr>\n<th class=\"col label\" scope=\"row\">Tasche<\/th>\n<td class=\"col data\" data-th=\"Tasche\">Luxus Tragetasche mit gro\u00dfer Seitentasche f\u00fcr Zubeh\u00f6r<\/td>\n<\/tr>\n<tr>\n<th class=\"col label\" scope=\"row\">Maximale Belastbarkeit in kg:<\/th>\n<td class=\"col data\" data-th=\"Maximale Belastbarkeit in kg:\">220<\/td>\n<\/tr>\n<tr>\n<th class=\"col label\" scope=\"row\">L\u00e4nge der Arbeitsfl\u00e4che inkl. Kopfst\u00fctze in cm:<\/th>\n<td class=\"col data\" data-th=\"L\u00e4nge der Arbeitsfl\u00e4che inkl. Kopfst\u00fctze in cm:\">205<\/td>\n<\/tr>\n<\/tbody>\n<\/table>\n","protected":false},"featured_media":453,"comment_status":"open","ping_status":"closed","template":"","meta":[],"product_cat":[48],"product_tag":[],"_links":{"self":[{"href":"https:\/\/www.ars-manuum.at\/shop\/wp-json\/wp\/v2\/product\/323"}],"collection":[{"href":"https:\/\/www.ars-manuum.at\/shop\/wp-json\/wp\/v2\/product"}],"about":[{"href":"https:\/\/www.ars-manuum.at\/shop\/wp-json\/wp\/v2\/types\/product"}],"replies":[{"embeddable":true,"href":"https:\/\/www.ars-manuum.at\/shop\/wp-json\/wp\/v2\/comments?post=323"}],"wp:featuredmedia":[{"embeddable":true,"href":"https:\/\/www.ars-manuum.at\/shop\/wp-json\/wp\/v2\/media\/453"}],"wp:attachment":[{"href":"https:\/\/www.ars-manuum.at\/shop\/wp-json\/wp\/v2\/media?parent=323"}],"wp:term":[{"taxonomy":"product_cat","embeddable":true,"href":"https:\/\/www.ars-manuum.at\/shop\/wp-json\/wp\/v2\/product_cat?post=323"},{"taxonomy":"product_tag","embeddable":true,"href":"https:\/\/www.ars-manuum.at\/shop\/wp-json\/wp\/v2\/product_tag?post=323"}],"curies":[{"name":"wp","href":"https:\/\/api.w.org\/{rel}","templated":true}]}}