{"id":183,"date":"2019-11-06T23:44:56","date_gmt":"2019-11-06T22:44:56","guid":{"rendered":"https:\/\/www.ars-manuum.at\/shop\/?post_type=product&#038;p=183"},"modified":"2020-01-30T10:45:17","modified_gmt":"2020-01-30T09:45:17","slug":"50-raucharme-moxazigarren","status":"publish","type":"product","link":"https:\/\/www.ars-manuum.at\/shop\/produkt\/50-raucharme-moxazigarren\/","title":{"rendered":"Moxazigarren d\u00fcnn, raucharm, 50Stk"},"content":{"rendered":"<p>Raucharme Moxazigarren, 50 St\u00fcck pro Packung<\/p>\n<p>Sehr gute d\u00fcnne Moxakerzen mit ausgezeichnetem, raucharmem<br \/>\nMoxa. Geeignet f\u00fcr Hausbesuche.<\/p>\n<p>Inhalt: gepresste Beifu\u00dfkohle.<\/p>\n<p>Bez\u00fcglich der Moxabehandlung verweisen wir auf die Fachliteratur. Moxa<br \/>\nw\u00e4hrend der Behandlung nie unbeaufsichtigt brennen lassen. Auf das individuelle<br \/>\nSchmerzempfinden der zu behandelnden Person achten. Glut oder hei\u00dfe Asche nicht<br \/>\nauf die Haut kommen lassen. R\u00e4ume nach der Behandlung gut l\u00fcften. Wir verweisen<br \/>\nSie diesbez\u00fcglich auf die Fachliteratur und auf die gesetzlichen Bestimmungen!<\/p>\n<h3>Warnhinweis f\u00fcr Anwender von Moxa:<\/h3>\n<p>Schlafen Sie w\u00e4hrend der Anwendung nicht ein. Nehmen Sie w\u00e4hrend der<br \/>\nBehandlung keine Schlafmittel, Bet\u00e4ubungsmittel und keinen Alkohol ein. W\u00e4hrend<br \/>\nder Behandlung nicht bewegen. Achten Sie auf die Brandgefahr durch die Moxa-<br \/>\nAsche. Moxa nach der Anwendung gut abl\u00f6schen. Anwendung im Gesicht nur unter<br \/>\nHinzuziehung eines Therapeuten.<\/p>\n<h3>Von Kindern fernhalten.<\/h3>\n<p>Nur zur \u00e4u\u00dferlichen Anwendung. F\u00fcr Moxabehandlung schwerwiegenderer<br \/>\nErkrankungen ist ein erfahrener Therapeut erforderlich.<\/p>\n","protected":false},"excerpt":{"rendered":"<p>Moxazigarren d\u00fcnn, raucharm, 50Stk<\/p>\n","protected":false},"featured_media":184,"comment_status":"open","ping_status":"closed","template":"","meta":[],"product_cat":[48],"product_tag":[],"_links":{"self":[{"href":"https:\/\/www.ars-manuum.at\/shop\/wp-json\/wp\/v2\/product\/183"}],"collection":[{"href":"https:\/\/www.ars-manuum.at\/shop\/wp-json\/wp\/v2\/product"}],"about":[{"href":"https:\/\/www.ars-manuum.at\/shop\/wp-json\/wp\/v2\/types\/product"}],"replies":[{"embeddable":true,"href":"https:\/\/www.ars-manuum.at\/shop\/wp-json\/wp\/v2\/comments?post=183"}],"wp:featuredmedia":[{"embeddable":true,"href":"https:\/\/www.ars-manuum.at\/shop\/wp-json\/wp\/v2\/media\/184"}],"wp:attachment":[{"href":"https:\/\/www.ars-manuum.at\/shop\/wp-json\/wp\/v2\/media?parent=183"}],"wp:term":[{"taxonomy":"product_cat","embeddable":true,"href":"https:\/\/www.ars-manuum.at\/shop\/wp-json\/wp\/v2\/product_cat?post=183"},{"taxonomy":"product_tag","embeddable":true,"href":"https:\/\/www.ars-manuum.at\/shop\/wp-json\/wp\/v2\/product_tag?post=183"}],"curies":[{"name":"wp","href":"https:\/\/api.w.org\/{rel}","templated":true}]}}