{"id":179,"date":"2019-11-06T23:42:14","date_gmt":"2019-11-06T22:42:14","guid":{"rendered":"https:\/\/www.ars-manuum.at\/shop\/?post_type=product&#038;p=179"},"modified":"2019-11-06T23:42:15","modified_gmt":"2019-11-06T22:42:15","slug":"moxakasten-4er","status":"publish","type":"product","link":"https:\/\/www.ars-manuum.at\/shop\/produkt\/moxakasten-4er\/","title":{"rendered":"Moxakasten 4er"},"content":{"rendered":"<p>Moxakasten aus Sperrholz mit Klemmvorrichtung<\/p>\n<p>Dieser rechteckige Moxakasten hat vier \u00d6ffnungen mit Klemmvorrichtung<br \/>\nwelche die Moxazigarren in Position halten. Dieser Moxakasten ist durch seine Form<br \/>\nsehr gut geeignet f\u00fcr die Moxibustion auf gr\u00f6\u00dferen Fl\u00e4chen gerade im Bereich der<br \/>\nWirbels\u00e4ule. Am Besten geeignet sind die Moxa-Rollen mit Loch als raucharme Moxa-<br \/>\nZigarren bzw. unsere Moxa-Zigarren Nien Ying oder Tai Yi.<br \/>\nGr\u00f6\u00dfe: ca.14 cm<br \/>\nca. 14 x 9 x 8cm.<\/p>\n<p>Bez\u00fcglich der Moxabehandlung verweisen wir auf die Fachliteratur. Moxa<br \/>\nw\u00e4hrend der Behandlung nie unbeaufsichtigt brennen lassen. Auf das individuelle<br \/>\nSchmerzempfinden der zu behandelnden Person achten. Glut oder hei\u00dfe Asche nicht<br \/>\nauf die Haut kommen lassen. R\u00e4ume nach der Behandlung gut l\u00fcften. Wir verweisen<br \/>\nSie diesbez\u00fcglich auf die Fachliteratur und auf die gesetzlichen Bestimmungen!<\/p>\n<h3>Warnhinweis f\u00fcr Anwender von Moxa:<\/h3>\n<p>Schlafen Sie w\u00e4hrend der Anwendung nicht ein. Nehmen Sie w\u00e4hrend der<br \/>\nBehandlung keine Schlafmittel, Bet\u00e4ubungsmittel und keinen Alkohol ein. W\u00e4hrend<br \/>\nder Behandlung nicht bewegen. Achten Sie auf die Brandgefahr durch die Moxa-<br \/>\nAsche. Moxa nach der Anwendung gut abl\u00f6schen. Anwendung im Gesicht nur unter<br \/>\nHinzuziehung eines Therapeuten.<\/p>\n<h3>Von Kindern fernhalten.<\/h3>\n<p>Nur zur \u00e4u\u00dferlichen Anwendung. F\u00fcr Moxabehandlung schwerwiegenderer<br \/>\nErkrankungen ist ein erfahrener Therapeut erforderlich.<\/p>\n","protected":false},"excerpt":{"rendered":"<p>Moxakasten 4er<\/p>\n","protected":false},"featured_media":180,"comment_status":"open","ping_status":"closed","template":"","meta":[],"product_cat":[48],"product_tag":[],"_links":{"self":[{"href":"https:\/\/www.ars-manuum.at\/shop\/wp-json\/wp\/v2\/product\/179"}],"collection":[{"href":"https:\/\/www.ars-manuum.at\/shop\/wp-json\/wp\/v2\/product"}],"about":[{"href":"https:\/\/www.ars-manuum.at\/shop\/wp-json\/wp\/v2\/types\/product"}],"replies":[{"embeddable":true,"href":"https:\/\/www.ars-manuum.at\/shop\/wp-json\/wp\/v2\/comments?post=179"}],"wp:featuredmedia":[{"embeddable":true,"href":"https:\/\/www.ars-manuum.at\/shop\/wp-json\/wp\/v2\/media\/180"}],"wp:attachment":[{"href":"https:\/\/www.ars-manuum.at\/shop\/wp-json\/wp\/v2\/media?parent=179"}],"wp:term":[{"taxonomy":"product_cat","embeddable":true,"href":"https:\/\/www.ars-manuum.at\/shop\/wp-json\/wp\/v2\/product_cat?post=179"},{"taxonomy":"product_tag","embeddable":true,"href":"https:\/\/www.ars-manuum.at\/shop\/wp-json\/wp\/v2\/product_tag?post=179"}],"curies":[{"name":"wp","href":"https:\/\/api.w.org\/{rel}","templated":true}]}}