{"id":177,"date":"2019-11-06T23:38:25","date_gmt":"2019-11-06T22:38:25","guid":{"rendered":"https:\/\/www.ars-manuum.at\/shop\/?post_type=product&#038;p=177"},"modified":"2019-11-06T23:38:25","modified_gmt":"2019-11-06T22:38:25","slug":"schroepfglas-mundgeblasen-mit-olive-und-ball","status":"publish","type":"product","link":"https:\/\/www.ars-manuum.at\/shop\/produkt\/schroepfglas-mundgeblasen-mit-olive-und-ball\/","title":{"rendered":"Schr\u00f6pfglas mundgeblasen mit Olive und Ball"},"content":{"rendered":"<div id=\"tab_fragment_0\">\n<p>Schr\u00f6pfglas mundgeblasen mit Olive und Ball in verschiedenen Gr\u00f6\u00dfen<\/p>\n<p><span style=\"color: red;\">Warnhinweis beim Schr\u00f6pfen! &#8211; Folgende<br \/>\nWarnhinweise unbedingt einhalten:<\/span><\/p>\n<p>* Die Schr\u00f6pfk\u00f6pfe d\u00fcrfen nicht l\u00e4nger als 10 Minuten auf der Haut angebracht<br \/>\nwerden.<\/p>\n<p>* Die Schr\u00f6pfk\u00f6pfe m\u00fcssen hygienisch behandelt werden, um Kreuzinfektionen<br \/>\nzu vermeiden. Die Reinigung kann beispielsweise in der Sp\u00fclmaschine oder mit<br \/>\nhochprozentigem Alkohol erfolgen.<\/p>\n<p>* Die Schr\u00f6pfk\u00f6pfe m\u00fcssen hygienisch auf der Haut angebracht werden.<\/p>\n<p>* Keine besch\u00e4digten Schr\u00f6pfk\u00f6pfe verwenden.<\/p>\n<p>* Schr\u00f6pfen nicht im Gesicht durchf\u00fchren.<\/p>\n<\/div>\n","protected":false},"excerpt":{"rendered":"<p>Schr\u00f6pfglas mundgeblasen mit Olive und Ball<\/p>\n","protected":false},"featured_media":178,"comment_status":"open","ping_status":"closed","template":"","meta":[],"product_cat":[48],"product_tag":[],"_links":{"self":[{"href":"https:\/\/www.ars-manuum.at\/shop\/wp-json\/wp\/v2\/product\/177"}],"collection":[{"href":"https:\/\/www.ars-manuum.at\/shop\/wp-json\/wp\/v2\/product"}],"about":[{"href":"https:\/\/www.ars-manuum.at\/shop\/wp-json\/wp\/v2\/types\/product"}],"replies":[{"embeddable":true,"href":"https:\/\/www.ars-manuum.at\/shop\/wp-json\/wp\/v2\/comments?post=177"}],"wp:featuredmedia":[{"embeddable":true,"href":"https:\/\/www.ars-manuum.at\/shop\/wp-json\/wp\/v2\/media\/178"}],"wp:attachment":[{"href":"https:\/\/www.ars-manuum.at\/shop\/wp-json\/wp\/v2\/media?parent=177"}],"wp:term":[{"taxonomy":"product_cat","embeddable":true,"href":"https:\/\/www.ars-manuum.at\/shop\/wp-json\/wp\/v2\/product_cat?post=177"},{"taxonomy":"product_tag","embeddable":true,"href":"https:\/\/www.ars-manuum.at\/shop\/wp-json\/wp\/v2\/product_tag?post=177"}],"curies":[{"name":"wp","href":"https:\/\/api.w.org\/{rel}","templated":true}]}}