{"id":175,"date":"2019-11-06T23:35:40","date_gmt":"2019-11-06T22:35:40","guid":{"rendered":"https:\/\/www.ars-manuum.at\/shop\/?post_type=product&#038;p=175"},"modified":"2019-11-06T23:35:40","modified_gmt":"2019-11-06T22:35:40","slug":"gua-sha-fisch-massagehorn-mit-einkerbungen","status":"publish","type":"product","link":"https:\/\/www.ars-manuum.at\/shop\/produkt\/gua-sha-fisch-massagehorn-mit-einkerbungen\/","title":{"rendered":"Gua Sha Fisch, Massagehorn mit Einkerbungen"},"content":{"rendered":"<div id=\"tab_description\">\n<p>Sehr guter Gua Sha Fisch Massagehorn in Fischform mit Einkerbungen, ca.<br \/>\n14cm<\/p>\n<p>Gua Sha wird grunds\u00e4tzlich mit Gegenst\u00e4nden und Werkzeugen, die runde Kanten haben, durchgef\u00fchrt.<\/p>\n<p>Hier sehen Sie eins der typischen Gua Sha Instrumente aus China.<\/p>\n<p>Grunds\u00e4tzlich wird der Nacken, R\u00fccken, H\u00e4nde und F\u00fc\u00dfe immer von oben nach<br \/>\nunten und der Oberk\u00f6rper von innen nach au\u00dfen behandelt. Wir verweisen<br \/>\ndiesbez\u00fcglich auf die Fachliteratur!<\/p>\n<\/div>\n","protected":false},"excerpt":{"rendered":"<p>Gua Sha Fisch, Massagehorn mit Einkerbungen<\/p>\n","protected":false},"featured_media":176,"comment_status":"open","ping_status":"closed","template":"","meta":[],"product_cat":[48],"product_tag":[],"_links":{"self":[{"href":"https:\/\/www.ars-manuum.at\/shop\/wp-json\/wp\/v2\/product\/175"}],"collection":[{"href":"https:\/\/www.ars-manuum.at\/shop\/wp-json\/wp\/v2\/product"}],"about":[{"href":"https:\/\/www.ars-manuum.at\/shop\/wp-json\/wp\/v2\/types\/product"}],"replies":[{"embeddable":true,"href":"https:\/\/www.ars-manuum.at\/shop\/wp-json\/wp\/v2\/comments?post=175"}],"wp:featuredmedia":[{"embeddable":true,"href":"https:\/\/www.ars-manuum.at\/shop\/wp-json\/wp\/v2\/media\/176"}],"wp:attachment":[{"href":"https:\/\/www.ars-manuum.at\/shop\/wp-json\/wp\/v2\/media?parent=175"}],"wp:term":[{"taxonomy":"product_cat","embeddable":true,"href":"https:\/\/www.ars-manuum.at\/shop\/wp-json\/wp\/v2\/product_cat?post=175"},{"taxonomy":"product_tag","embeddable":true,"href":"https:\/\/www.ars-manuum.at\/shop\/wp-json\/wp\/v2\/product_tag?post=175"}],"curies":[{"name":"wp","href":"https:\/\/api.w.org\/{rel}","templated":true}]}}