{"id":173,"date":"2019-11-06T23:32:56","date_gmt":"2019-11-06T22:32:56","guid":{"rendered":"https:\/\/www.ars-manuum.at\/shop\/?post_type=product&#038;p=173"},"modified":"2019-11-06T23:32:56","modified_gmt":"2019-11-06T22:32:56","slug":"gua-sha-entenfuss-massagehorn","status":"publish","type":"product","link":"https:\/\/www.ars-manuum.at\/shop\/produkt\/gua-sha-entenfuss-massagehorn\/","title":{"rendered":"Gua Sha Entenfu\u00df, Massagehorn"},"content":{"rendered":"<div id=\"tab_description\">\n<p>Sehr guter Gua Sha Entenfu\u00df Schaber in Entenfu\u00dfform. Massagehorn, ca.<br \/>\n6x10cm<\/p>\n<p>Gua Sha wird grunds\u00e4tzlich mit Gegenst\u00e4nden und Werkzeugen, die runde<br \/>\nKanten haben, durchgef\u00fchrt.<\/p>\n<p>Hier sehen Sie eins der typischen Gua Sha Instrumente aus China<\/p>\n<p>Grunds\u00e4tzlich wird der Nacken, R\u00fccken, H\u00e4nde und F\u00fc\u00dfe immer von oben nach<br \/>\nunten und der Oberk\u00f6rper von innen nach au\u00dfen behandelt. Wir verweisen<br \/>\ndiesbez\u00fcglich auf die Fachliteratur!<\/p>\n<\/div>\n","protected":false},"excerpt":{"rendered":"<p>Gua Sha Entenfu\u00df, Massagehorn<\/p>\n","protected":false},"featured_media":174,"comment_status":"open","ping_status":"closed","template":"","meta":[],"product_cat":[48],"product_tag":[],"_links":{"self":[{"href":"https:\/\/www.ars-manuum.at\/shop\/wp-json\/wp\/v2\/product\/173"}],"collection":[{"href":"https:\/\/www.ars-manuum.at\/shop\/wp-json\/wp\/v2\/product"}],"about":[{"href":"https:\/\/www.ars-manuum.at\/shop\/wp-json\/wp\/v2\/types\/product"}],"replies":[{"embeddable":true,"href":"https:\/\/www.ars-manuum.at\/shop\/wp-json\/wp\/v2\/comments?post=173"}],"wp:featuredmedia":[{"embeddable":true,"href":"https:\/\/www.ars-manuum.at\/shop\/wp-json\/wp\/v2\/media\/174"}],"wp:attachment":[{"href":"https:\/\/www.ars-manuum.at\/shop\/wp-json\/wp\/v2\/media?parent=173"}],"wp:term":[{"taxonomy":"product_cat","embeddable":true,"href":"https:\/\/www.ars-manuum.at\/shop\/wp-json\/wp\/v2\/product_cat?post=173"},{"taxonomy":"product_tag","embeddable":true,"href":"https:\/\/www.ars-manuum.at\/shop\/wp-json\/wp\/v2\/product_tag?post=173"}],"curies":[{"name":"wp","href":"https:\/\/api.w.org\/{rel}","templated":true}]}}