{"id":169,"date":"2019-11-06T23:29:48","date_gmt":"2019-11-06T22:29:48","guid":{"rendered":"https:\/\/www.ars-manuum.at\/shop\/?post_type=product&#038;p=169"},"modified":"2019-11-06T23:33:37","modified_gmt":"2019-11-06T22:33:37","slug":"gua-sha-schaber-gross","status":"publish","type":"product","link":"https:\/\/www.ars-manuum.at\/shop\/produkt\/gua-sha-schaber-gross\/","title":{"rendered":"Gua Sha Schaber gro\u00df"},"content":{"rendered":"<div id=\"tab_description\">\n<p>Sehr guter Gua Sha Schaber, gro\u00df, ca. 10cm<\/p>\n<p>aus B\u00fcffelhorn, ca. 10cm gro\u00df<\/p>\n<p>Gua Sha wird grunds\u00e4tzlich mit Gegenst\u00e4nden und Werkzeugen, die runde<br \/>\nKanten haben, durchgef\u00fchrt.<\/p>\n<p>Hier sehen Sie eins der typischen Gua Sha Instrumente aus China.<\/p>\n<p>Grunds\u00e4tzlich wird der Nacken, R\u00fccken, H\u00e4nde und F\u00fc\u00dfe immer von oben nach<br \/>\nunten und der Oberk\u00f6rper von innen nach au\u00dfen behandelt. Wir verweisen<br \/>\ndiesbez\u00fcglich auf die Fachliteratur!<\/p>\n<\/div>\n","protected":false},"excerpt":{"rendered":"<p>Gua Sha Schaber gro\u00df<\/p>\n","protected":false},"featured_media":170,"comment_status":"open","ping_status":"closed","template":"","meta":[],"product_cat":[48],"product_tag":[],"_links":{"self":[{"href":"https:\/\/www.ars-manuum.at\/shop\/wp-json\/wp\/v2\/product\/169"}],"collection":[{"href":"https:\/\/www.ars-manuum.at\/shop\/wp-json\/wp\/v2\/product"}],"about":[{"href":"https:\/\/www.ars-manuum.at\/shop\/wp-json\/wp\/v2\/types\/product"}],"replies":[{"embeddable":true,"href":"https:\/\/www.ars-manuum.at\/shop\/wp-json\/wp\/v2\/comments?post=169"}],"wp:featuredmedia":[{"embeddable":true,"href":"https:\/\/www.ars-manuum.at\/shop\/wp-json\/wp\/v2\/media\/170"}],"wp:attachment":[{"href":"https:\/\/www.ars-manuum.at\/shop\/wp-json\/wp\/v2\/media?parent=169"}],"wp:term":[{"taxonomy":"product_cat","embeddable":true,"href":"https:\/\/www.ars-manuum.at\/shop\/wp-json\/wp\/v2\/product_cat?post=169"},{"taxonomy":"product_tag","embeddable":true,"href":"https:\/\/www.ars-manuum.at\/shop\/wp-json\/wp\/v2\/product_tag?post=169"}],"curies":[{"name":"wp","href":"https:\/\/api.w.org\/{rel}","templated":true}]}}