{"id":160,"date":"2019-11-06T23:11:40","date_gmt":"2019-11-06T22:11:40","guid":{"rendered":"https:\/\/www.ars-manuum.at\/shop\/?post_type=product&#038;p=160"},"modified":"2021-06-10T09:59:42","modified_gmt":"2021-06-10T07:59:42","slug":"amm-atlas-meridian-karten","status":"publish","type":"product","link":"https:\/\/www.ars-manuum.at\/shop\/produkt\/amm-atlas-meridian-karten\/","title":{"rendered":"AMM-Atlas &#8211; Meridian-Karten A4"},"content":{"rendered":"<p>Meridianverl\u00e4ufe, Gouverneur- und Konzeptionsgef\u00e4\u00df.<br \/>\nOffizieller Atlas der<br \/>\nMeridiane im Rahmen der Akupunkturpunkt Meridian Massage,<\/p>\n<p>In diesem Atlas werden in Text und Bild die 12 Meridiane sowie das<br \/>\nKonzeptions- und Gouverneurgef\u00e4\u00df der Akupunkturpunkt Meridian Massage<br \/>\ndargestellt. Dieser Atlas ist unentbehrlich zum Lernen und \u00dcben der AMM.<\/p>\n<p>Format DIN A 4, 16 Seiten, beidseitig farbig bedruckt.<\/p>\n","protected":false},"excerpt":{"rendered":"<p>AMM-Atlas &#8211; Meridian-Karten<\/p>\n","protected":false},"featured_media":161,"comment_status":"open","ping_status":"closed","template":"","meta":[],"product_cat":[45],"product_tag":[],"_links":{"self":[{"href":"https:\/\/www.ars-manuum.at\/shop\/wp-json\/wp\/v2\/product\/160"}],"collection":[{"href":"https:\/\/www.ars-manuum.at\/shop\/wp-json\/wp\/v2\/product"}],"about":[{"href":"https:\/\/www.ars-manuum.at\/shop\/wp-json\/wp\/v2\/types\/product"}],"replies":[{"embeddable":true,"href":"https:\/\/www.ars-manuum.at\/shop\/wp-json\/wp\/v2\/comments?post=160"}],"wp:featuredmedia":[{"embeddable":true,"href":"https:\/\/www.ars-manuum.at\/shop\/wp-json\/wp\/v2\/media\/161"}],"wp:attachment":[{"href":"https:\/\/www.ars-manuum.at\/shop\/wp-json\/wp\/v2\/media?parent=160"}],"wp:term":[{"taxonomy":"product_cat","embeddable":true,"href":"https:\/\/www.ars-manuum.at\/shop\/wp-json\/wp\/v2\/product_cat?post=160"},{"taxonomy":"product_tag","embeddable":true,"href":"https:\/\/www.ars-manuum.at\/shop\/wp-json\/wp\/v2\/product_tag?post=160"}],"curies":[{"name":"wp","href":"https:\/\/api.w.org\/{rel}","templated":true}]}}