{"id":125,"date":"2019-11-06T21:34:58","date_gmt":"2019-11-06T20:34:58","guid":{"rendered":"https:\/\/www.ars-manuum.at\/shop\/?post_type=product&#038;p=125"},"modified":"2023-11-08T11:49:10","modified_gmt":"2023-11-08T10:49:10","slug":"venobis-jojoba-oil-200ml","status":"publish","type":"product","link":"https:\/\/www.ars-manuum.at\/shop\/produkt\/venobis-jojoba-oil-200ml\/","title":{"rendered":"Venobis Jojoba Oil 200ml"},"content":{"rendered":"<p>Jojoba \u00d6l wurde von den Indianern Nordamerikas als \u201efl\u00fcssiges Gold\u201c<br \/>\nbezeichnet. Diesen Namen tr\u00e4gt es nicht umsonst. Das aus der Jojoba Nuss<br \/>\ngewonnene \u00d6l ist deshalb als das beste Massage\u00f6l bekannt, da es denselben PHWert<br \/>\nwie die menschliche Haut hat.<\/p>\n<p>Es wird von der Oberhaut<br \/>\n(Epidermis) gut aufgenommen und wirkt dann r\u00fcckfettend. Es enth\u00e4lt au\u00dferdem<br \/>\nProvitamin A und Vitamin E, pflegt durch seine g\u00fcnstige<br \/>\nFetts\u00e4urenzusammensetzung die Haut intensiv und ist f\u00fcr alle Hauttypen geeignet.<\/p>\n<p>Jojoba \u00d6l wird nicht ranzig, es braucht daher nicht zus\u00e4tzlich<br \/>\nstabilisiert werden. Der schwache Eigengeruch der Pflanze verfl\u00fcchtigt sich sehr<br \/>\nschnell.<\/p>\n<h3>Zus\u00e4tzliche Anwendung:<\/h3>\n<p>Haarpflege: Besonders bei trockenen Haarspitzen als Haarkur geeignet.<\/p>\n<p>Sonnenschutz: Jojoba\u00f6l hat einen nat\u00fcrlichen Lichtschutzfaktor von 5-7<br \/>\nund unterst\u00fctzt eine langanhaltende, nat\u00fcrliche Br\u00e4une.<\/p>\n","protected":false},"excerpt":{"rendered":"<p>Venobis Jojoba\u00f6l<\/p>\n","protected":false},"featured_media":570,"comment_status":"open","ping_status":"closed","template":"","meta":[],"product_cat":[50,46],"product_tag":[],"_links":{"self":[{"href":"https:\/\/www.ars-manuum.at\/shop\/wp-json\/wp\/v2\/product\/125"}],"collection":[{"href":"https:\/\/www.ars-manuum.at\/shop\/wp-json\/wp\/v2\/product"}],"about":[{"href":"https:\/\/www.ars-manuum.at\/shop\/wp-json\/wp\/v2\/types\/product"}],"replies":[{"embeddable":true,"href":"https:\/\/www.ars-manuum.at\/shop\/wp-json\/wp\/v2\/comments?post=125"}],"wp:featuredmedia":[{"embeddable":true,"href":"https:\/\/www.ars-manuum.at\/shop\/wp-json\/wp\/v2\/media\/570"}],"wp:attachment":[{"href":"https:\/\/www.ars-manuum.at\/shop\/wp-json\/wp\/v2\/media?parent=125"}],"wp:term":[{"taxonomy":"product_cat","embeddable":true,"href":"https:\/\/www.ars-manuum.at\/shop\/wp-json\/wp\/v2\/product_cat?post=125"},{"taxonomy":"product_tag","embeddable":true,"href":"https:\/\/www.ars-manuum.at\/shop\/wp-json\/wp\/v2\/product_tag?post=125"}],"curies":[{"name":"wp","href":"https:\/\/api.w.org\/{rel}","templated":true}]}}