{"id":123,"date":"2019-11-06T21:31:25","date_gmt":"2019-11-06T20:31:25","guid":{"rendered":"https:\/\/www.ars-manuum.at\/shop\/?post_type=product&#038;p=123"},"modified":"2021-04-13T16:45:53","modified_gmt":"2021-04-13T14:45:53","slug":"venobis-sportrelax-oil-200ml","status":"publish","type":"product","link":"https:\/\/www.ars-manuum.at\/shop\/produkt\/venobis-sportrelax-oil-200ml\/","title":{"rendered":"Venobis Sport&#038;Relax Oil 200ml"},"content":{"rendered":"<p>F\u00fcr alle jene, die ein entspannendes und w\u00e4rmendes Massage\u00f6l suche ist<br \/>\nVenobis Sport &amp; Relax Oil genau das richtige. Besonders geeignet f\u00fcr<br \/>\nWanderer, L\u00e4ufer, Wintersportler und Schwimmer sowie alle, die sich nach<br \/>\nk\u00f6rperlicher Anstrengung mit einem hervorragenden Pflege\u00f6l verw\u00f6hnen<br \/>\nwollen.<\/p>\n","protected":false},"excerpt":{"rendered":"<p>K\u00f6rperpflege f\u00fcr jeden Hauttyp<\/p>\n","protected":false},"featured_media":572,"comment_status":"open","ping_status":"closed","template":"","meta":[],"product_cat":[50,46],"product_tag":[],"_links":{"self":[{"href":"https:\/\/www.ars-manuum.at\/shop\/wp-json\/wp\/v2\/product\/123"}],"collection":[{"href":"https:\/\/www.ars-manuum.at\/shop\/wp-json\/wp\/v2\/product"}],"about":[{"href":"https:\/\/www.ars-manuum.at\/shop\/wp-json\/wp\/v2\/types\/product"}],"replies":[{"embeddable":true,"href":"https:\/\/www.ars-manuum.at\/shop\/wp-json\/wp\/v2\/comments?post=123"}],"wp:featuredmedia":[{"embeddable":true,"href":"https:\/\/www.ars-manuum.at\/shop\/wp-json\/wp\/v2\/media\/572"}],"wp:attachment":[{"href":"https:\/\/www.ars-manuum.at\/shop\/wp-json\/wp\/v2\/media?parent=123"}],"wp:term":[{"taxonomy":"product_cat","embeddable":true,"href":"https:\/\/www.ars-manuum.at\/shop\/wp-json\/wp\/v2\/product_cat?post=123"},{"taxonomy":"product_tag","embeddable":true,"href":"https:\/\/www.ars-manuum.at\/shop\/wp-json\/wp\/v2\/product_tag?post=123"}],"curies":[{"name":"wp","href":"https:\/\/api.w.org\/{rel}","templated":true}]}}