{"id":121,"date":"2019-11-06T21:29:40","date_gmt":"2019-11-06T20:29:40","guid":{"rendered":"https:\/\/www.ars-manuum.at\/shop\/?post_type=product&#038;p=121"},"modified":"2021-04-13T16:48:02","modified_gmt":"2021-04-13T14:48:02","slug":"venobis-romantic-oil-200ml","status":"publish","type":"product","link":"https:\/\/www.ars-manuum.at\/shop\/produkt\/venobis-romantic-oil-200ml\/","title":{"rendered":"Venobis Romantic Oil 200ml"},"content":{"rendered":"<h3>Hauttypen:<\/h3>\n<p>F\u00fcr jeden Hauttyp.<\/p>\n<p>F\u00fcr alle jene, die ein entspannendes und w\u00e4rmendes Massage\u00f6l suchen ist Venobis Sport &amp; Relax Oil genau das richtige. Besonders geeignet f\u00fcr Wanderer, L\u00e4ufer, Wintersportler und Schwimmer sowie alle, die sich nach k\u00f6rperlicher Anstrengung mit einen hervorragenden Pflege\u00f6l verw\u00f6hnen wollen.<\/p>\n<h3>Sport-Tip:<\/h3>\n<p>G\u00f6nnen Sie sich nach intensiver sportlicher Bet\u00e4tigung ein warmes Bad und massieren Sie zur zus\u00e4tzlichen Auflockerung Ihre strapazierten Muskeln mit dem Sport &amp; Relax Oil ein.<\/p>\n<h3>Inhaltsstoffe:<\/h3>\n<p>Zypressen-, Mandel-, Zimt-, Geranium-, Sandelholz-, Zitronenmelissen-, Eukalyptus- und Lavendel\u00f6l.<\/p>\n<h3>Eukalyptus:<\/h3>\n<p>Eukalyptus\u00f6l wirkt \u00e4u\u00dferlich angewendet antiseptisch, belebend und erfrischend. Wird auch bei Muskel- und rheumatischen Schmerzen verwendet, da es schmerzlindernd wirkt.<\/p>\n","protected":false},"excerpt":{"rendered":"<p>Hauttypen: F\u00fcr jeden Hauttyp. F\u00fcr alle jene, die ein entspannendes [&hellip;]<\/p>\n","protected":false},"featured_media":573,"comment_status":"open","ping_status":"closed","template":"","meta":[],"product_cat":[50,46],"product_tag":[],"_links":{"self":[{"href":"https:\/\/www.ars-manuum.at\/shop\/wp-json\/wp\/v2\/product\/121"}],"collection":[{"href":"https:\/\/www.ars-manuum.at\/shop\/wp-json\/wp\/v2\/product"}],"about":[{"href":"https:\/\/www.ars-manuum.at\/shop\/wp-json\/wp\/v2\/types\/product"}],"replies":[{"embeddable":true,"href":"https:\/\/www.ars-manuum.at\/shop\/wp-json\/wp\/v2\/comments?post=121"}],"wp:featuredmedia":[{"embeddable":true,"href":"https:\/\/www.ars-manuum.at\/shop\/wp-json\/wp\/v2\/media\/573"}],"wp:attachment":[{"href":"https:\/\/www.ars-manuum.at\/shop\/wp-json\/wp\/v2\/media?parent=121"}],"wp:term":[{"taxonomy":"product_cat","embeddable":true,"href":"https:\/\/www.ars-manuum.at\/shop\/wp-json\/wp\/v2\/product_cat?post=121"},{"taxonomy":"product_tag","embeddable":true,"href":"https:\/\/www.ars-manuum.at\/shop\/wp-json\/wp\/v2\/product_tag?post=121"}],"curies":[{"name":"wp","href":"https:\/\/api.w.org\/{rel}","templated":true}]}}