{"id":104,"date":"2019-11-06T20:20:55","date_gmt":"2019-11-06T19:20:55","guid":{"rendered":"https:\/\/www.ars-manuum.at\/shop\/?post_type=product&#038;p=104"},"modified":"2023-11-08T15:11:46","modified_gmt":"2023-11-08T14:11:46","slug":"venobis-power-energetics-mineral-akut","status":"publish","type":"product","link":"https:\/\/www.ars-manuum.at\/shop\/produkt\/venobis-power-energetics-mineral-akut\/","title":{"rendered":"Venobis Power Energetics Mineral Akut"},"content":{"rendered":"<h3>Hauttypen:<\/h3>\n<p>F\u00fcr unreine, fettige und Mischhaut, verletzte und gesch\u00e4digte Haut, wie z.B. bei Akne, Schuppenflechte, Sonnenbrand, Narben und wundgelegener Haut.<\/p>\n<p>Venobis Energetikcreme Mineral zeichnet ihre stark antioxidative Wirkung durch den speziellen Zeolithgehalt aus. Auf Grund seiner Mikroporen, der enorm gro\u00dfen Mikrooberfl\u00e4che sowie hydrophilen Eigenschaften wird bei dem in der Natur vorkommenden Zeolith eine wundheilende, blutstillende Wirkung beobachtet.<\/p>\n<h3>M\u00e4nnerpflege-Tip:<\/h3>\n<p>Diese Creme eignet sich auch hervorragend als hautberuhigende Pflege nach der Rasur.<\/p>\n<h3>Inhaltsstoffe:<\/h3>\n<p>Zeolith, Ringelblume, Eisenkraut (Verbena officinalis)<\/p>\n<h3>Eisenkraut<\/h3>\n<p>Das echte Eisenkraut wird oft als Grundlage f\u00fcr kosmetische Produkte angeboten. Das Eisenkraut hat vor allem in der Pflanzenheilkunde eine lange Tradition, die bis ins Altertum zur\u00fcckreicht. Eisenkraut wirkt \u00e4u\u00dferlich angewendet antibakteriell, entz\u00fcndungshemmend, adstringierend und tonisierend. Au\u00dferdem wird Eisenkraut bei Rheuma, Gicht und Geschw\u00fcren eine heilende Wirkung nachgesagt.<\/p>\n","protected":false},"excerpt":{"rendered":"<p>Hauttypen: F\u00fcr unreine, fettige und Mischhaut, verletzte und gesch\u00e4digte Haut, [&hellip;]<\/p>\n","protected":false},"featured_media":574,"comment_status":"open","ping_status":"closed","template":"","meta":[],"product_cat":[49,46,71],"product_tag":[],"_links":{"self":[{"href":"https:\/\/www.ars-manuum.at\/shop\/wp-json\/wp\/v2\/product\/104"}],"collection":[{"href":"https:\/\/www.ars-manuum.at\/shop\/wp-json\/wp\/v2\/product"}],"about":[{"href":"https:\/\/www.ars-manuum.at\/shop\/wp-json\/wp\/v2\/types\/product"}],"replies":[{"embeddable":true,"href":"https:\/\/www.ars-manuum.at\/shop\/wp-json\/wp\/v2\/comments?post=104"}],"wp:featuredmedia":[{"embeddable":true,"href":"https:\/\/www.ars-manuum.at\/shop\/wp-json\/wp\/v2\/media\/574"}],"wp:attachment":[{"href":"https:\/\/www.ars-manuum.at\/shop\/wp-json\/wp\/v2\/media?parent=104"}],"wp:term":[{"taxonomy":"product_cat","embeddable":true,"href":"https:\/\/www.ars-manuum.at\/shop\/wp-json\/wp\/v2\/product_cat?post=104"},{"taxonomy":"product_tag","embeddable":true,"href":"https:\/\/www.ars-manuum.at\/shop\/wp-json\/wp\/v2\/product_tag?post=104"}],"curies":[{"name":"wp","href":"https:\/\/api.w.org\/{rel}","templated":true}]}}