{"id":103,"date":"2019-11-06T20:20:16","date_gmt":"2019-11-06T19:20:16","guid":{"rendered":"https:\/\/www.ars-manuum.at\/shop\/?post_type=product&#038;p=103"},"modified":"2021-04-13T16:51:18","modified_gmt":"2021-04-13T14:51:18","slug":"venobis-power-energetics-sportrelax","status":"publish","type":"product","link":"https:\/\/www.ars-manuum.at\/shop\/produkt\/venobis-power-energetics-sportrelax\/","title":{"rendered":"Venobis Power Energetics Sport&#038;Relax"},"content":{"rendered":"<h3>Hauttypen:<\/h3>\n<p>F\u00fcr jeden Hauttyp &#8211; vor und nach dem Sport, au\u00dferdem bei Venenbeschwerden.<\/p>\n<p>Nach sportlicher Bet\u00e4tigung sowie Erm\u00fcdungserscheinungen wirkt Venobis Energetikcreme Sport&amp;Relax erfrischend und regenerierend, da die Lockerung und Durchblutung der Muskulatur gef\u00f6rdert wird. Au\u00dferdem wirken sich die pflegenden Pflanzensubstanzen positiv auf eine verh\u00e4rtete Hornhaut und den als Folge oft schmerzhaften Hornhautrissen aus.<\/p>\n<h3>Relax-Tip:<\/h3>\n<p>An hei\u00dfen Sommertagen empfehlen wir die Creme kurz einzuk\u00fchlen, um Ihre F\u00fc\u00dfe und Beine danach mit einer erfrischenden Massage zu verw\u00f6hnen. Au\u00dferdem ist die Creme ideal f\u00fcr eine Fu\u00dfreflexzonenmassage geeignet.<\/p>\n<h3>Inhaltsstoffe:<\/h3>\n<p>Komfrei\u00f6l, Avocado\u00f6l, Melisse und gelber Steinklee.<\/p>\n<h3>Komfrei:<\/h3>\n<p>Aus der Wurzel und dem Kraut bereitete Kaltausz\u00fcge werden in der Volksheilkunde als \u00e4u\u00dferliches Wundheilmittel bei eiternden Wunden, Verstauchungen, Knochenbr\u00fcchen und -entz\u00fcndungen verwendet. Die wundheilende adstringierende Eigenschaft beruht zum Teil auf dem Gehalt an Allantoin. Es regt die Zellteilung an, f\u00fchrt zur Verfl\u00fcssigung der Wundsekrete und unterst\u00fctzt somit die \u00e4u\u00dferliche Wundheilung.<\/p>\n<h3>Gelber Steinklee<\/h3>\n<p>Die frischen oder getrockneten Bl\u00e4tter und die bl\u00fchenden Triebe werden als pflanzliches Arzneimittel gegen \u00d6deme und als Venentonikum eingesetzt.<\/p>\n","protected":false},"excerpt":{"rendered":"<p>Hauttypen: F\u00fcr jeden Hauttyp &#8211; vor und nach dem Sport, [&hellip;]<\/p>\n","protected":false},"featured_media":575,"comment_status":"open","ping_status":"closed","template":"","meta":[],"product_cat":[49,46,71],"product_tag":[],"_links":{"self":[{"href":"https:\/\/www.ars-manuum.at\/shop\/wp-json\/wp\/v2\/product\/103"}],"collection":[{"href":"https:\/\/www.ars-manuum.at\/shop\/wp-json\/wp\/v2\/product"}],"about":[{"href":"https:\/\/www.ars-manuum.at\/shop\/wp-json\/wp\/v2\/types\/product"}],"replies":[{"embeddable":true,"href":"https:\/\/www.ars-manuum.at\/shop\/wp-json\/wp\/v2\/comments?post=103"}],"wp:featuredmedia":[{"embeddable":true,"href":"https:\/\/www.ars-manuum.at\/shop\/wp-json\/wp\/v2\/media\/575"}],"wp:attachment":[{"href":"https:\/\/www.ars-manuum.at\/shop\/wp-json\/wp\/v2\/media?parent=103"}],"wp:term":[{"taxonomy":"product_cat","embeddable":true,"href":"https:\/\/www.ars-manuum.at\/shop\/wp-json\/wp\/v2\/product_cat?post=103"},{"taxonomy":"product_tag","embeddable":true,"href":"https:\/\/www.ars-manuum.at\/shop\/wp-json\/wp\/v2\/product_tag?post=103"}],"curies":[{"name":"wp","href":"https:\/\/api.w.org\/{rel}","templated":true}]}}