{"id":19,"date":"2019-04-06T18:05:34","date_gmt":"2019-04-06T16:05:34","guid":{"rendered":"https:\/\/www.ars-manuum.at\/shop\/allgemeine_geschaeftsbedingungen\/"},"modified":"2023-11-15T12:24:52","modified_gmt":"2023-11-15T11:24:52","slug":"allgemeine_geschaeftsbedingungen","status":"publish","type":"page","link":"https:\/\/www.ars-manuum.at\/shop\/allgemeine_geschaeftsbedingungen\/","title":{"rendered":"Allgemeine Gesch\u00e4ftsbedingungen"},"content":{"rendered":"<div class=\"fusion-fullwidth fullwidth-box fusion-builder-row-1 fusion-flex-container nonhundred-percent-fullwidth non-hundred-percent-height-scrolling\" style=\"background-color: rgba(255,255,255,0);background-position: center center;background-repeat: no-repeat;border-width: 0px 0px 0px 0px;border-color:#eae9e9;border-style:solid;\" ><div class=\"fusion-builder-row fusion-row fusion-flex-align-items-flex-start\" style=\"max-width:1144px;margin-left: calc(-4% \/ 2 );margin-right: calc(-4% \/ 2 );\"><div class=\"fusion-layout-column fusion_builder_column fusion-builder-column-0 fusion_builder_column_1_1 1_1 fusion-flex-column\"><div class=\"fusion-column-wrapper fusion-flex-justify-content-flex-start fusion-content-layout-column\" style=\"background-position:left top;background-repeat:no-repeat;-webkit-background-size:cover;-moz-background-size:cover;-o-background-size:cover;background-size:cover;padding: 0px 0px 0px 0px;\"><div class=\"fusion-text fusion-text-1\"><p><strong>Allgemeine Gesch\u00e4ftsbedingungen (AGB) webshop<\/strong><\/p>\n<p><strong>\u00a0<\/strong><\/p>\n<ol>\n<li><strong>Geltungsbereich:<\/strong><\/li>\n<\/ol>\n<p>F\u00fcr die Gesch\u00e4ftsbeziehung zwischen Ars Manuum \u2013 Zentrum f\u00fcr K\u00f6rper und Gesundheit und dem Besteller gelten ausschlie\u00dflich nachfolgende Bestimmungen \u00fcber Versandkosten, Liefer- und Zahlungsbedingungen. Von diesen Gesch\u00e4ftsbindungen oder anderen unserer schriftlichen Willenserkl\u00e4rungen abweichende m\u00fcndliche Zusagen, Nebenabreden und dergleichen, sind f\u00fcr uns nicht verbindlich.<\/p>\n<p><strong>\u00a0<\/strong><\/p>\n<ol start=\"2\">\n<li><strong>Vertragsabschluss: <\/strong><\/li>\n<\/ol>\n<p>Die Bestellung des Kunden stellt ein Angebot dar. Ein Vertrag kommt erst nach Annahme unsererseits, sp\u00e4testens mit Versendung der Ware zustande.<\/p>\n<p>Eine Bestellung ist nur m\u00f6glich, wenn alle im Bestellformular mit * bezeichneten Pflichtfelder ausgef\u00fcllt sind. Fehlen Angaben oder k\u00f6nnen wir der Bestellung aus sonstigen Gr\u00fcnden nicht nachkommen, erh\u00e4lt der Kunde eine Fehlermeldung. Vor dem endg\u00fcltigen Abschicken der Bestellung erh\u00e4lt der Kunde die M\u00f6glichkeit, seine Bestellung zu korrigieren. Unterst\u00fctzende Detailinformationen erh\u00e4lt der Kunde direkt im Zuge des Bestellvorganges.<\/p>\n<p>Sobald der Bestellvorgang abgeschlossen ist, wird der Kunde dar\u00fcber durch eine Meldung \u201eVielen Dank f\u00fcr Ihre Bestellung\u201c benachrichtigt. Dies stellt noch keine Annahme des Angebots des Kunden dar.<\/p>\n<p><u>Empfangsbest\u00e4tigung: <\/u><\/p>\n<p>Wenn die Bestellung bei uns eingelangt ist, wird der Kunde \u00fcber die von ihm bekanntgegebene E-Mail-Adresse vom Eingang seiner Bestellung verst\u00e4ndigt. Diese Verst\u00e4ndigung stellt noch keine Annahme seines Angebots dar.<\/p>\n<p><u>Versandbest\u00e4tigung<\/u><\/p>\n<p>Sobald die Ware versendet wurde, wird der Kunde mittels E-Mail dar\u00fcber verst\u00e4ndigt. Ab diesem Zeitpunkt ist der Vertragsabschluss g\u00fcltig.<\/p>\n<p><u>Vertragsspeicherung: <\/u><\/p>\n<p>Der Kaufvertrag wird von uns gespeichert und ist im Best\u00e4tigungs-E-Mail online abrufbar.<\/p>\n<p><u>Vertragssprache: <\/u><\/p>\n<p>Die Vertragssprache ist Deutsch.<\/p>\n<p><u>Ablehnung der Bestellung: <\/u><\/p>\n<p>Sollten wir der Bestellung des Kunden aus irgendwelchen Gr\u00fcnden nicht nachkommen k\u00f6nnen, wird der Kunde dar\u00fcber per E-Mail verst\u00e4ndigt.<\/p>\n<ol start=\"3\">\n<li><strong>Lieferbedingungen: <\/strong><\/li>\n<\/ol>\n<p>Ist die Ware lagernd, verl\u00e4sst Sie innerhalb von 5 Werktagen, l\u00e4ngstens jedoch binnen der gesetzlichen 30 Tagesfrist unser Haus. Falls ein Teil Ihrer Bestellung nicht lagernd ist, sind wir gerne bereit, Ihnen ihre Bestellung mittels Teillieferung zuzustellen. Die Lieferung erfolgt mittels Zustelldienst oder per Post. Bei Selbstabholung bitte unbedingt telefonisch voranmelden<\/p>\n<ol start=\"4\">\n<li><strong>Preise und Zahlungsweise: <\/strong><\/li>\n<\/ol>\n<p>Alle Preise verstehen sich, sofern nichts anderes ausdr\u00fccklich vermerkt ist, inklusive aller Steuern einschlie\u00dflich Umsatzsteuer.<\/p>\n<p>Die Lieferung erfolgt aufgrund Bezahlung mittels Kreditkarte, Vorkasse oder per Nachnahme.<\/p>\n<p><u>Lieferungen innerhalb \u00d6sterreichs<br \/>\n<\/u>Unsere Verkaufspreise verstehen sich zuz\u00fcglich einer Versandkostenpauschale (Porto und Verpackung) in der H\u00f6he von \u20ac 6 innerhalb \u00d6sterreichs.<\/p>\n<p><u>Lieferungen au\u00dferhalb \u00d6sterreichs<br \/>\n<\/u>Daf\u00fcr berechnen wir eine Pauschale von \u20ac 17,99.<\/p>\n<p>Bei einer Lieferung in ein Nicht-EWR-Land hat der Verbraucher alle Import- und Exportspesen sowie allf\u00e4llige Z\u00f6lle und Geb\u00fchren und Abgaben zu tragen.<\/p>\n<p>Bestellungen aus dem Ausland k\u00f6nnen nur per Kreditkarte oder Vorkasse get\u00e4tigt werden.<\/p>\n<p><u>\u00a0<\/u><\/p>\n<p><u>Vorkasse<\/u><\/p>\n<p>Bei Zahlungsweise Vorkasse, erhalten Sie von uns eine Vorausrechnung. Die dazu notwendigen \u00dcberweisungsdaten entnehmen Sie bitte der Vorausrechnung. Sobald Ihre \u00dcberweisung auf unserem Konto erscheint, versenden wir Ihre Ware.<\/p>\n<p><u>Unsere Bankverbindung<\/u><\/p>\n<p>Wr. Neust\u00e4dter Sparkasse, Konto lautend auf Karl Scherz<\/p>\n<p>IBAN: AT 192026702000008868<\/p>\n<p>BIC: WINSATWNXXX<\/p>\n<p><u>F\u00e4lligkeit<\/u>:<\/p>\n<p>Ist keine andere Zahlungsart vereinbart, verpflichtet sich der Kunde zur vollst\u00e4ndigen Bezahlung des Kaufpreises bereits bei Vertragsabschluss. Die Lieferung der Ware erfolgt erst nach Zahlungseingang.<\/p>\n<ol start=\"5\">\n<li><strong>R\u00fccktrittsrecht: <\/strong><\/li>\n<\/ol>\n<p>Kunden, die Verbraucher im Sinne des \u00f6sterreichischen Konsumentenschutzgesetzes oder \u00e4hnlicher Gesetze in ihren jeweiligen Wohnsitzstaaten sind, k\u00f6nnen binnen einer Frist von 14 Kalendertagen ab Erhalt der Lieferung der bestellten Ware von einem im Fernabsatz geschlossenen Vertrag (oder einer im Fernabsatz abgegebenen Vertragserkl\u00e4rung) zur\u00fccktreten.<\/p>\n<p>Es gen\u00fcgt, wenn die R\u00fccktrittserkl\u00e4rung innerhalb der Frist ohne Angabe von Gr\u00fcnden abgesendet wird. Samstage, Sonn- und Feiertage z\u00e4hlen zur Berechnung der Frist mit. Es stehen aber jedenfalls 7 Werktage (ohne Samstage, Sonn- und Feiertage) zur Verf\u00fcgung.<\/p>\n<p>Im Falle des R\u00fccktritts findet eine R\u00fcckerstattung des Kaufpreises inklusive Versandkosten nur Zug um Zug gegen Zur\u00fcckstellung der vom Besteller erhaltenen Waren statt.<\/p>\n<p>Die Ware muss in ungen\u00fctztem und als neu wiederverkaufsf\u00e4higem Zustand und in der Originalverpackung zur\u00fcckgeschickt werden. Bei Artikeln, die durch Gebrauchsspuren beeintr\u00e4chtigt sind, sofern diese nicht durch \u00fcblichen bestimmungsm\u00e4\u00dfigen Gebrauch entstanden sind, wird von uns ein angemessenes Entgelt f\u00fcr die Wertminderung erhoben. Gleiches gilt, wenn bei R\u00fcckgabe der Ware Zubeh\u00f6r oder Teile fehlen.<\/p>\n<p><u>Unsere Adresse:<\/u><\/p>\n<p>Ars Manuum &#8211; Zentrum f\u00fcr K\u00f6rper und Gesundheit<\/p>\n<p>Neunkirchnerstra\u00dfe 70<\/p>\n<p>A-2700 Wr. Neustadt<\/p>\n<p><strong>\u00a0<\/strong><\/p>\n<p><u>R\u00fccksendekosten \u00d6sterreich: <\/u><\/p>\n<p>Die Kosten der R\u00fccksendung gehen zu Lasten des Kunden. Sollte die Ware unfrei zur\u00fcckgesendet werden, sind wir berechtigt, einen entsprechenden Betrag einzubehalten bzw. in Rechnung zu stellen.<\/p>\n<p><u>R\u00fccksendekosten f\u00fcr deutsche Verbraucher: <\/u><\/p>\n<p>Die Kosten der R\u00fccksendung gehen bei Privatkunden (Verbrauchern) grunds\u00e4tzlich zu unseren Lasten. Bei Unternehmerkunden sowie bei Verbrauchern dann, wenn der Preis der zur\u00fcckzusendenden Ware einen Betrag von \u20ac 40,&#8211; nicht \u00fcbersteigt oder wenn bei einem h\u00f6heren Preis der Verbraucher die Gegenleistung oder eine Teilzahlung zum Zeitpunkt des Widerrufes (des R\u00fccktritts) noch nicht erbracht hat, gehen die Kosten der R\u00fccksendung zu Lasten des Kunden. Dies gilt nicht, wenn die gelieferte Ware nicht der bestellten entspricht.<\/p>\n<p>Sollte die Ware entgegen diesen Bestimmungen unfrei zur\u00fcckgesendet werden, sind wir berechtigt, einen entsprechenden Betrag einzubehalten bzw. in Rechnung zu stellen.<\/p>\n<p><u>Ausnahmen vom R\u00fccktrittsrecht: <\/u><\/p>\n<p>F\u00fcr Audio- oder Videoaufzeichnungen sowie f\u00fcr Computersoftware auf CDs, DVDs, Videos etc. besteht ein R\u00fccktrittsrecht nur dann, wenn die Waren nicht entsiegelt worden sind.<\/p>\n<ol start=\"6\">\n<li><strong>Mangelhafte Ware und Haftung<\/strong><\/li>\n<\/ol>\n<p>Erhalten Sie von uns ein fehlerhaftes Buch oder eine mangelhafte Ware, dann k\u00f6nnen Sie schriftlich innerhalb von 14 Tagen den Mangel geltend machen und die Ware auf Ihre Kosten an uns zur\u00fccksenden. Wir liefern Ihnen dann sofort nach Eintreffen der Mangelware ein neues Produkt zu. Sie k\u00f6nnen die mangelhafte Ware aber auch auf Ihre Kosten an uns zur\u00fccksenden und sich den entsprechenden Betrag von unserer Rechnung abziehen. Dies bitte am \u00dcberweisungsbeleg deutlich sichtbar vermerken.<\/p>\n<ol start=\"7\">\n<li><strong>Eigentumsvorbehalt: <\/strong><\/li>\n<\/ol>\n<p>Die Ware bleibt bis zur vollst\u00e4ndigen Bezahlung unser Eigentum.<\/p>\n<ol start=\"8\">\n<li><strong>Datenschutz: <\/strong><\/li>\n<\/ol>\n<p>Wir weisen darauf hin, dass zum Zwecke des einfacheren Einkaufsvorganges und zur sp\u00e4teren Vertragsabwicklung von Ars Manuum im Rahmen von Cookies die IP-Daten des Users gespeichert werden, ebenso wie Name, Anschrift und Kreditkartennummer des Eink\u00e4ufers. Eine Daten\u00fcbermittlung an Dritte erfolgt nicht, mit Ausnahme der \u00dcbermittlung der Kreditkartennummer an das Bankinstitut zum Zwecke der Abbuchung des Einkaufspreises. Nach Beendigung des virtuellen Einkaufs bzw. nach Abbruch des Einkaufsvorganges werden die in den Cookies gespeicherten Daten gel\u00f6scht. Die Daten Name, Anschrift und Kreditkartennummer werden bis zur Lieferung der Ware gespeichert. Die Datenverarbeitung erfolgt auf Basis der gesetzlichen Bestimmung des \u00a7 96 Abs. 3 TKG sowie des \u00a7 8 Abs. 3 Z 4 DSG.<\/p>\n<p><u>Zustimmungserkl\u00e4rung zum Erhalt von Werbe-E-Mails &#8211; Widerruf: <\/u><\/p>\n<p>Der Kunde stimmt dem Erhalt von Nachrichten unseres Unternehmens \u00fcber unsere Produkte, aktuelle Angebote und sonstige unternehmensbezogene Informationen mittels Werbe-E-Mail, insbesondere Newsletter, zu.<\/p>\n<p>Der Kunde kann seine Zustimmung zum Erhalt solcher E-Mails jederzeit wie folgt widerrufen: R\u00fccksendung des E-Mails an die Absenderadresse mit dem Hinweis \u201eBitte keine weiteren Werbe-E-Mails\u201c oder mittels Link im Newsletter.<\/p>\n<ol start=\"9\">\n<li><strong>Wirksamkeit<\/strong><\/li>\n<\/ol>\n<p>Sollte eine Bestimmung in diesen Gesch\u00e4ftsbedingungen unwirksam sein oder werden, so bleibt hiervon die Wirksamkeit aller sonstigen Bestimmungen unber\u00fchrt. Die Parteien sind verpflichtet die unwirksame Bestimmung durch eine wirksame Regelung r\u00fcckwirkend zu ersetzen, die dem mit der unwirksamen Bestimmung verfolgten Zweck m\u00f6glichst nahe kommt.<\/p>\n<ol start=\"10\">\n<li><strong>Anwendbares Recht, Erf\u00fcllungsort, Gerichtstand<\/strong><\/li>\n<\/ol>\n<p>Es gilt \u00f6sterreichisches Recht. Erf\u00fcllungsort der Lieferungen und Zahlungen ist Wr. Neustadt. Gerichtsstand f\u00fcr alle sich aus dem Vertrag unmittelbar oder mittelbar ergebenen Streitigkeiten ist das sachliche zust\u00e4ndige Gericht in Wr. Neustadt.<\/p>\n<p>ARS MANUUMZentrum f\u00fcr K\u00f6rper &amp; Gesundheit<\/p>\n<p>Neunkirchnerstra\u00dfe 70<\/p>\n<p>A-2700 Wiener Neustadt<\/p>\n<p>Tel. Nr.: 02622\/89976<\/p>\n<p>Fax: 02622\/89976-7<\/p>\n<p>Gerichtsstand: Wiener Neustadt<\/p>\n<p>Bankverbindung: Wiener Neust\u00e4dter Sparkasse (ltd. auf Karl Scherz)<\/p>\n<p>IBAN: AT 192026702000008868<\/p>\n<p>BIC: WINSATWN<\/p>\n<p>UID-Nr.: ATU 56261645<\/p>\n<p>Web: <a href=\"http:\/\/www.ars-manuum.at\">www.ars-manuum.at<\/a><\/p>\n<p>E-mail: office@ars-manuum.at<\/p>\n<\/div><\/div><style type=\"text\/css\">.fusion-body .fusion-builder-column-0{width:100% !important;margin-top : 0px;margin-bottom : 0px;}.fusion-builder-column-0 > .fusion-column-wrapper {padding-top : 0px !important;padding-right : 0px !important;margin-right : 1.92%;padding-bottom : 0px !important;padding-left : 0px !important;margin-left : 1.92%;}@media only screen and (max-width:1024px) {.fusion-body .fusion-builder-column-0{width:100% !important;}.fusion-builder-column-0 > .fusion-column-wrapper {margin-right : 1.92%;margin-left : 1.92%;}}@media only screen and (max-width:640px) {.fusion-body .fusion-builder-column-0{width:100% !important;}.fusion-builder-column-0 > .fusion-column-wrapper {margin-right : 1.92%;margin-left : 1.92%;}}<\/style><\/div><\/div><style type=\"text\/css\">.fusion-body .fusion-flex-container.fusion-builder-row-1{ padding-top : 0px;margin-top : 0px;padding-right : 0px;padding-bottom : 0px;margin-bottom : 0px;padding-left : 0px;}<\/style><\/div>\n","protected":false},"excerpt":{"rendered":"","protected":false},"author":2,"featured_media":0,"parent":0,"menu_order":0,"comment_status":"closed","ping_status":"closed","template":"","meta":[],"_links":{"self":[{"href":"https:\/\/www.ars-manuum.at\/shop\/wp-json\/wp\/v2\/pages\/19"}],"collection":[{"href":"https:\/\/www.ars-manuum.at\/shop\/wp-json\/wp\/v2\/pages"}],"about":[{"href":"https:\/\/www.ars-manuum.at\/shop\/wp-json\/wp\/v2\/types\/page"}],"author":[{"embeddable":true,"href":"https:\/\/www.ars-manuum.at\/shop\/wp-json\/wp\/v2\/users\/2"}],"replies":[{"embeddable":true,"href":"https:\/\/www.ars-manuum.at\/shop\/wp-json\/wp\/v2\/comments?post=19"}],"version-history":[{"count":0,"href":"https:\/\/www.ars-manuum.at\/shop\/wp-json\/wp\/v2\/pages\/19\/revisions"}],"wp:attachment":[{"href":"https:\/\/www.ars-manuum.at\/shop\/wp-json\/wp\/v2\/media?parent=19"}],"curies":[{"name":"wp","href":"https:\/\/api.w.org\/{rel}","templated":true}]}}