{"id":16,"date":"2019-04-06T18:05:34","date_gmt":"2019-04-06T16:05:34","guid":{"rendered":"https:\/\/www.ars-manuum.at\/shop\/datenschutz\/"},"modified":"2022-11-02T14:17:30","modified_gmt":"2022-11-02T13:17:30","slug":"datenschutz","status":"publish","type":"page","link":"https:\/\/www.ars-manuum.at\/shop\/datenschutz\/","title":{"rendered":"Datenschutz"},"content":{"rendered":"\r\n\r\n<i>Diese Cookie-Richtlinie wurde zuletzt am 2. November 2022 aktualisiert und gilt f\u00fcr B\u00fcrger und Einwohner mit st\u00e4ndigem Wohnsitz im Europ\u00e4ischen Wirtschaftsraum und der Schweiz<\/i>\r\n<h2>1. Einf\u00fchrung<\/h2>\r\nUnsere Website,\u00a0<a href=\"https:\/\/www.ars-manuum.at\/shop\">https:\/\/www.ars-manuum.at\/shop<\/a>\u00a0(im folgenden: \u201cDie Website\u201d) verwendet Cookies und \u00e4hnliche Technologien (der Einfachheit halber werden all diese unter \u201cCookies\u201d zusammengefasst). Cookies werden au\u00dferdem von uns beauftragten Drittparteien platziert. In dem unten stehendem Dokument informieren wir dich \u00fcber die Verwendung von Cookies auf unserer Website.\r\n<h2>2. Was sind Cookies?<\/h2>\r\nEin Cookie ist eine einfache kleine Datei, die gemeinsam mit den Seiten einer Internetadresse versendet und vom Webbrowser auf dem PC oder einem anderen Ger\u00e4t gespeichert werden kann. Die darin gespeicherten Informationen k\u00f6nnen w\u00e4hrend folgender Besuche zu unseren oder den Servern relevanter Drittanbieter gesendet werden.\r\n<h2>3. Was sind Skripte?<\/h2>\r\nEin Script ist ein St\u00fcck Programmcode, das benutzt wird, um unserer Website Funktionalit\u00e4t und Interaktivit\u00e4t zu erm\u00f6glichen. Dieser Code wird auf unseren Servern oder auf deinem Ger\u00e4t ausgef\u00fchrt.\r\n<h2>4. Was ist ein Web Beacon?<\/h2>\r\nEin Web-Beacon (auch Pixel-Tag genannt), ist ein kleines unsichtbares Textfragment oder Bild auf einer Website, das benutzt wird, um den Verkehr auf der Website zu \u00fcberwachen. Um dies zu erm\u00f6glichen werden diverse Daten von dir mittels Web-Beacons gespeichert.\r\n<h2>5. Cookies<\/h2>\r\n<p class=\"cmplz-subtitle\">5.1 Technische oder funktionelle Cookies<\/p>\r\nEinige Cookies stellen sicher, dass Teile unserer Website richtig funktionieren und deine Nutzervorlieben bekannt bleiben. Durch das Platzieren funktionaler Cookies machen wir es dir einfacher unsere Website zu besuchen. Auf diese Weise musst du bei Besuchen unserer Website nicht wiederholt die gleichen Informationen eingeben, oder deine Gegenst\u00e4nde bleiben beispielsweise in deinem Warenkorb bis du bezahlst. Wir k\u00f6nnen diese Cookies ohne dein Einverst\u00e4ndnis platzieren.\r\n<p class=\"cmplz-subtitle\">5.2 Marketing- \/ Tracking-Cookies<\/p>\r\nMarketing- \/ Tracking-Cookies sind Cookies oder eine andere Form der lokalen Speicherung, die zur Erstellung von Benutzerprofilen verwendet werden, um Werbung anzuzeigen oder den Benutzer auf dieser Website oder \u00fcber mehrere Websites hinweg f\u00fcr \u00e4hnliche Marketingzwecke zu verfolgen.\r\n<h2>6. Platzierte Cookies<\/h2>\r\n<div id=\"cmplz-cookies-overview\"><details class=\"cmplz-dropdown cmplz-service-desc cmplz-dropdown-cookiepolicy \">\r\n<div>\r\n<h3>Google reCAPTCHA<\/h3>\r\nMarketing\/TrackingGoogle Maps\r\n\r\n<\/div>\r\n<\/details><details class=\"cmplz-dropdown cmplz-service-desc cmplz-dropdown-cookiepolicy \">\r\n<div>\r\n\r\nMarketing\/Tracking\r\n\r\n<\/div>\r\n<\/details><details class=\"cmplz-dropdown cmplz-service-desc cmplz-dropdown-cookiepolicy \">\r\n<div>\r\n<h3>PayPal<\/h3>\r\nFunktional\r\n\r\n<\/div>\r\n<\/details><\/div>\r\n<h2>7. Zustimmung<\/h2>\r\nWenn du unsere Website das erste Mal besuchst, zeigen wir dir ein Pop-Up mit einer Erkl\u00e4rung \u00fcber Cookies. Sobald du auf \u201eEinstellungen speichern\u201c klickst, gibst du uns dein Einverst\u00e4ndnis, alle von dir gew\u00e4hlten Kategorien von Cookies und Plugins wie in dieser Cookie-Erkl\u00e4rung beschrieben zu verwenden. Du kannst die Verwendung von Cookies \u00fcber deinen Browser deaktivieren, aber bitte beachte, dass unsere Website dann unter Umst\u00e4nden nicht richtig funktioniert.\r\n<p class=\"cmplz-subtitle\">7.1 Verwalte deine Zustimmungseinstellungen<\/p>\r\n\r\n<div id=\"cmplz-manage-consent-container\" class=\"cmplz-manage-consent-container\">\r\n<div class=\"cmplz-categories\"><details class=\"cmplz-category cmplz-functional\"><summary><span class=\"cmplz-category-header\"><span class=\"cmplz-category-title\">Funktional<\/span><span class=\"cmplz-always-active\">Immer aktiv<\/span><\/span><\/summary>\r\n<div class=\"cmplz-description\"><\/div>\r\n<\/details><details class=\"cmplz-category cmplz-marketing\"><summary><span class=\"cmplz-category-header\"><span class=\"cmplz-category-title\">Marketing<\/span><span class=\"cmplz-banner-checkbox\"><input id=\"cmplz-marketing-optin\" class=\"cmplz-consent-checkbox cmplz-marketing\" size=\"40\" type=\"checkbox\" value=\"1\" data-category=\"cmplz_marketing\" \/><label class=\"cmplz-label\" tabindex=\"0\" for=\"cmplz-marketing-optin\"><\/label><\/span><\/span><\/summary>\r\n<div class=\"cmplz-description\"><\/div>\r\n<\/details><\/div>\r\n<\/div>\r\n<h2>8. Aktivierung\/Deaktivierung und L\u00f6schen von Cookies<\/h2>\r\nDu kannst deinen Internetbrowser verwenden um automatisch oder manuell Cookies zu l\u00f6schen. Du kannst au\u00dferdem spezifizieren ob spezielle Cookies nicht platziert werden sollen. Eine andere M\u00f6glichkeit ist es deinen Internetbrowser derart einzurichten, dass du jedes Mal benachrichtigt wirst, wenn ein Cookie platziert wird. F\u00fcr weitere Information \u00fcber diese M\u00f6glichkeiten beachte die Anweisungen in der Hilfesektion deines Browsers.\r\n\r\nBitte nimm zur Kentniss, dass unsere Website m\u00f6glicherweise nicht richtig funktioniert wenn alle Cookies deaktiviert sind. Wenn du die Cookies in deinem Browser l\u00f6scht, werden diese neuplatziert wenn du unsere Website erneut besuchst.\r\n<h2>9. Deine Rechte in Bezug auf pers\u00f6nliche Daten<\/h2>\r\nDu hast in Bezug auf deine pers\u00f6nlichen Daten die folgenden Rechte:\r\n<ul>\r\n \t<li>Du hast das Recht zu wissen, warum deine pers\u00f6nlichen Daten gebraucht werden, was mit ihnen passiert und wie lange diese verwahrt werden.<\/li>\r\n \t<li>Zugriffsrecht: Du hast das Recht deine uns bekannten pers\u00f6nliche Daten einzusehen.<\/li>\r\n \t<li>Recht auf Berichtigung: Du hast das Recht wann immer du w\u00fcnscht, deine pers\u00f6nlichen Daten zu erg\u00e4nzen, zu korrigieren sowie gel\u00f6scht oder blockiert zu bekommen.<\/li>\r\n \t<li>Wenn du uns dein Einverst\u00e4ndnis zur Verarbeitung deiner Daten gegeben hast, hast du das Recht dieses Einverst\u00e4ndnis zu widerrufen und deine pers\u00f6nlichen Daten l\u00f6schen zu lassen.<\/li>\r\n \t<li>Recht auf Datentransfer deiner Daten: Du hast das Recht, alle deine pers\u00f6nlichen Daten von einem Kontrolleur anzufordern und in ihrer Gesamtheit zu einem anderen Kontrolleur zu transferieren.<\/li>\r\n \t<li>Widerspruchsrecht: Du kannst der Verarbeitung deiner Daten widersprechen. Wir entsprechen dem, es sei denn es gibt berechtigte Gr\u00fcnde f\u00fcr die Verarbeitung.<\/li>\r\n<\/ul>\r\nUm diese Rechte auszu\u00fcben kontaktiere uns bitte. Bitte beziehe dich auf die Kontaktdaten am Ende dieser Cookie-Erkl\u00e4rung. Wenn du eine Beschwerde dar\u00fcber hast, wie wir deine Daten behandeln, w\u00fcrden wir diese gerne h\u00f6ren, aber du hast auch das Recht diese an die Aufsichtsbeh\u00f6rde (der Datenschutzbeh\u00f6rde) zu richten.\r\n<h2>10. Kontaktdaten<\/h2>\r\nF\u00fcr Fragen und\/oder Kommentare \u00fcber unsere Cookie-Richtlinien und diese Aussage kontaktiere uns bitte mittels der folgenden Kontaktdaten:\r\n\r\nARS MANUUM GmbH \u2013 Zentrum f\u00fcr K\u00f6rper &amp; Gesundheit\r\nNeunkirchnersta\u00dfe 70\r\nA-2700 Wr. Neustadt \/ Nieder\u00f6sterreich\r\n\u00d6sterreich\r\nWebsite:\u00a0<a href=\"https:\/\/www.ars-manuum.at\/shop\">https:\/\/www.ars-manuum.at\/shop<\/a>\r\nE-Mail:\u00a0<span class=\"cmplz-obfuscate\">ta.muunam-sra@eciffo<\/span>\r\nTelefonnummer: 02622 \/ 89 976\r\n\r\nDiese Cookie-Richtlinie wurde mit\u00a0<a href=\"https:\/\/cookiedatabase.org\/\" target=\"_blank\" rel=\"noopener noreferrer\">cookiedatabase.org<\/a>\u00a0am 2. November 2022 synchronisiert\r\n\r\n","protected":false},"excerpt":{"rendered":"<p>Diese Cookie-Richtlinie wurde zuletzt am 2. November 2022 aktualisiert und [&hellip;]<\/p>\n","protected":false},"author":2,"featured_media":0,"parent":0,"menu_order":0,"comment_status":"closed","ping_status":"closed","template":"","meta":[],"_links":{"self":[{"href":"https:\/\/www.ars-manuum.at\/shop\/wp-json\/wp\/v2\/pages\/16"}],"collection":[{"href":"https:\/\/www.ars-manuum.at\/shop\/wp-json\/wp\/v2\/pages"}],"about":[{"href":"https:\/\/www.ars-manuum.at\/shop\/wp-json\/wp\/v2\/types\/page"}],"author":[{"embeddable":true,"href":"https:\/\/www.ars-manuum.at\/shop\/wp-json\/wp\/v2\/users\/2"}],"replies":[{"embeddable":true,"href":"https:\/\/www.ars-manuum.at\/shop\/wp-json\/wp\/v2\/comments?post=16"}],"version-history":[{"count":0,"href":"https:\/\/www.ars-manuum.at\/shop\/wp-json\/wp\/v2\/pages\/16\/revisions"}],"wp:attachment":[{"href":"https:\/\/www.ars-manuum.at\/shop\/wp-json\/wp\/v2\/media?parent=16"}],"curies":[{"name":"wp","href":"https:\/\/api.w.org\/{rel}","templated":true}]}}